{"id":2,"date":"2023-10-19T08:04:09","date_gmt":"2023-10-19T08:04:09","guid":{"rendered":"http:\/\/enumtec.zewuzodo.cyon.site\/?page_id=2"},"modified":"2024-12-05T15:31:07","modified_gmt":"2024-12-05T13:31:07","slug":"home","status":"publish","type":"page","link":"https:\/\/enumtec.ch\/fr\/","title":{"rendered":"Home"},"content":{"rendered":"<div data-elementor-type=\"wp-page\" data-elementor-id=\"2\" class=\"elementor elementor-2\" data-elementor-post-type=\"page\">\n\t\t\t\t<div class=\"elementor-element elementor-element-886a113 e-flex e-con-boxed e-con e-parent\" data-id=\"886a113\" data-element_type=\"container\" data-e-type=\"container\">\n\t\t\t\t\t<div class=\"e-con-inner\">\n\t\t\t\t<div class=\"elementor-element elementor-element-81c7686 elementor-widget elementor-widget-spacer\" data-id=\"81c7686\" data-element_type=\"widget\" data-e-type=\"widget\" data-widget_type=\"spacer.default\">\n\t\t\t\t<div class=\"elementor-widget-container\">\n\t\t\t\t\t\t\t<div class=\"elementor-spacer\">\n\t\t\t<div class=\"elementor-spacer-inner\"><\/div>\n\t\t<\/div>\n\t\t\t\t\t\t<\/div>\n\t\t\t\t<\/div>\n\t\t\t\t<div class=\"elementor-element elementor-element-009af8c elementor-widget elementor-widget-heading\" data-id=\"009af8c\" data-element_type=\"widget\" data-e-type=\"widget\" data-widget_type=\"heading.default\">\n\t\t\t\t<div class=\"elementor-widget-container\">\n\t\t\t\t\t<h2 class=\"elementor-heading-title elementor-size-default\">enUMtec AG | Pour l'amour de l'environnement<\/h2>\t\t\t\t<\/div>\n\t\t\t\t<\/div>\n\t\t\t\t<div class=\"elementor-element elementor-element-5ea958e elementor-widget elementor-widget-spacer\" data-id=\"5ea958e\" data-element_type=\"widget\" data-e-type=\"widget\" data-widget_type=\"spacer.default\">\n\t\t\t\t<div class=\"elementor-widget-container\">\n\t\t\t\t\t\t\t<div class=\"elementor-spacer\">\n\t\t\t<div class=\"elementor-spacer-inner\"><\/div>\n\t\t<\/div>\n\t\t\t\t\t\t<\/div>\n\t\t\t\t<\/div>\n\t\t\t\t\t<\/div>\n\t\t\t\t<\/div>\n\t\t<div class=\"elementor-element elementor-element-db7a243 e-flex e-con-boxed e-con e-parent\" data-id=\"db7a243\" data-element_type=\"container\" data-e-type=\"container\">\n\t\t\t\t\t<div class=\"e-con-inner\">\n\t\t<div class=\"elementor-element elementor-element-6ac9f4b e-con-full e-flex e-con e-child\" data-id=\"6ac9f4b\" data-element_type=\"container\" data-e-type=\"container\">\n\t\t\t\t<div class=\"elementor-element elementor-element-47a6b66 elementor-widget__width-initial elementor-widget-tablet__width-initial elementor-widget elementor-widget-text-editor\" data-id=\"47a6b66\" data-element_type=\"widget\" data-e-type=\"widget\" data-widget_type=\"text-editor.default\">\n\t\t\t\t<div class=\"elementor-widget-container\">\n\t\t\t\t\t\t\t\t\t<p>La soci\u00e9t\u00e9 enUMtec a \u00e9t\u00e9 fond\u00e9e en 1999. Depuis, elle est un partenaire comp\u00e9tent et fiable pour la maintenance et le...<\/p><p><strong>\u00b7<\/strong> Technique de mesure des \u00e9missions<br \/><strong>\u00b7<\/strong> Traitement des donn\u00e9es d'\u00e9mission<br \/><strong>\u00b7<\/strong> Technique \u00e9lectrique, de mesure et de r\u00e9gulation<br \/><strong>\u00b7<\/strong> Technique d'automatisation<br \/><strong>\u00b7<\/strong> Diagnostic technique<\/p><p>Nous offrons \u00e0 nos clients des services complets\u00a0<a href=\"https:\/\/enumtec.ch\/fr\/dienstleistungen\/\">Services\u00a0<\/a>zu\u00a0<a href=\"https:\/\/enumtec.ch\/fr\/produkte\/\">Produits <\/a>les fabricants les plus divers dans le domaine des techniques de mesure et d'analyse.<\/p>\t\t\t\t\t\t\t\t<\/div>\n\t\t\t\t<\/div>\n\t\t\t\t<\/div>\n\t\t<div class=\"elementor-element elementor-element-9aa5c45 e-con-full e-flex e-con e-child\" data-id=\"9aa5c45\" data-element_type=\"container\" data-e-type=\"container\">\n\t\t\t\t<div class=\"elementor-element elementor-element-b6e7466 elementor-widget elementor-widget-text-editor\" data-id=\"b6e7466\" data-element_type=\"widget\" data-e-type=\"widget\" data-widget_type=\"text-editor.default\">\n\t\t\t\t<div class=\"elementor-widget-container\">\n\t\t\t\t\t\t\t\t\t<p class=\"translation-block\">En tant qu'entreprise de services <strong>ind\u00e9pendante des fabricants d'appareils <\/strong>, le spectre d'enUMtec AG s'\u00e9tend du conseil ind\u00e9pendant pour le choix et l'acquisition des syst\u00e8mes les mieux adapt\u00e9s \u00e0 la conception, au montage et \u00e0 la mise en service d'installations compl\u00e8tes dans le domaine...<\/p><p><strong>\u00b7<\/strong> Techniques de l'\u00e9nergie et de l'environnement<br \/><strong>\u00b7<\/strong> Production de ciment et d'asphalte<br \/><strong>\u00b7<\/strong> Industrie pharmaceutique<br \/><strong>\u00b7<\/strong> Chimie\/p\u00e9trochimie<strong>\u00b7<\/strong> Papierindustrie<br \/><strong>\u00b7<\/strong> Cr\u00e9matoriums<\/p>\t\t\t\t\t\t\t\t<\/div>\n\t\t\t\t<\/div>\n\t\t\t\t<\/div>\n\t\t\t\t\t<\/div>\n\t\t\t\t<\/div>\n\t\t<div class=\"elementor-element elementor-element-5c1e1a3 e-flex e-con-boxed e-con e-parent\" data-id=\"5c1e1a3\" data-element_type=\"container\" data-e-type=\"container\">\n\t\t\t\t\t<div class=\"e-con-inner\">\n\t\t\t\t<div class=\"elementor-element elementor-element-90297f7 elementor-widget elementor-widget-spacer\" data-id=\"90297f7\" data-element_type=\"widget\" data-e-type=\"widget\" data-widget_type=\"spacer.default\">\n\t\t\t\t<div class=\"elementor-widget-container\">\n\t\t\t\t\t\t\t<div class=\"elementor-spacer\">\n\t\t\t<div class=\"elementor-spacer-inner\"><\/div>\n\t\t<\/div>\n\t\t\t\t\t\t<\/div>\n\t\t\t\t<\/div>\n\t\t\t\t\t<\/div>\n\t\t\t\t<\/div>\n\t\t<div class=\"elementor-element elementor-element-f2bcf28 e-flex e-con-boxed e-con e-parent\" data-id=\"f2bcf28\" data-element_type=\"container\" data-e-type=\"container\">\n\t\t\t\t\t<div class=\"e-con-inner\">\n\t\t\t\t<div class=\"elementor-element elementor-element-9ffcf28 elementor-widget elementor-widget-google_maps\" data-id=\"9ffcf28\" data-element_type=\"widget\" data-e-type=\"widget\" data-widget_type=\"google_maps.default\">\n\t\t\t\t<div class=\"elementor-widget-container\">\n\t\t\t\t\t\t\t<div class=\"elementor-custom-embed\">\n\t\t\t<iframe loading=\"lazy\"\n\t\t\t\t\tsrc=\"https:\/\/maps.google.com\/maps?q=enumtec&#038;t=m&#038;z=9&#038;output=embed&#038;iwloc=near\"\n\t\t\t\t\ttitle=\"enumtec\"\n\t\t\t\t\taria-label=\"enumtec\"\n\t\t\t><\/iframe>\n\t\t<\/div>\n\t\t\t\t\t\t<\/div>\n\t\t\t\t<\/div>\n\t\t\t\t<div class=\"elementor-element elementor-element-4818599 elementor-widget elementor-widget-spacer\" data-id=\"4818599\" data-element_type=\"widget\" data-e-type=\"widget\" data-widget_type=\"spacer.default\">\n\t\t\t\t<div class=\"elementor-widget-container\">\n\t\t\t\t\t\t\t<div class=\"elementor-spacer\">\n\t\t\t<div class=\"elementor-spacer-inner\"><\/div>\n\t\t<\/div>\n\t\t\t\t\t\t<\/div>\n\t\t\t\t<\/div>\n\t\t\t\t\t<\/div>\n\t\t\t\t<\/div>\n\t\t\t\t<\/div>","protected":false},"excerpt":{"rendered":"<p>enUMtec AG | Der Umwelt zuliebe Die enUMtec wurde 1999 gegr\u00fcndet. Seitdem ist sie ein kompetenter und zuverl\u00e4ssiger Partner f\u00fcr Wartung und Service in der&#8230; \u00b7 Emissionsmesstechnik \u00b7 Emissionsdatenverarbeitung \u00b7 Elektro-, Mess- und Regeltechnik \u00b7 Automatisierungstechnik \u00b7 Technischen Diagnostik Wir bieten unseren Kunden umfassende\u00a0Dienstleistungen\u00a0zu\u00a0Produkten verschiedenster Hersteller im Bereich Mess- und Analysentechnik. Als\u00a0ger\u00e4teherstellerunabh\u00e4ngiges\u00a0Dienst-leistungsunternehmen erstreckt sich das [&hellip;]<\/p>\n","protected":false},"author":3,"featured_media":0,"parent":0,"menu_order":0,"comment_status":"closed","ping_status":"closed","template":"","meta":{"footnotes":""},"class_list":["post-2","page","type-page","status-publish","hentry"],"_links":{"self":[{"href":"https:\/\/enumtec.ch\/fr\/wp-json\/wp\/v2\/pages\/2","targetHints":{"allow":["GET"]}}],"collection":[{"href":"https:\/\/enumtec.ch\/fr\/wp-json\/wp\/v2\/pages"}],"about":[{"href":"https:\/\/enumtec.ch\/fr\/wp-json\/wp\/v2\/types\/page"}],"author":[{"embeddable":true,"href":"https:\/\/enumtec.ch\/fr\/wp-json\/wp\/v2\/users\/3"}],"replies":[{"embeddable":true,"href":"https:\/\/enumtec.ch\/fr\/wp-json\/wp\/v2\/comments?post=2"}],"version-history":[{"count":196,"href":"https:\/\/enumtec.ch\/fr\/wp-json\/wp\/v2\/pages\/2\/revisions"}],"predecessor-version":[{"id":1920,"href":"https:\/\/enumtec.ch\/fr\/wp-json\/wp\/v2\/pages\/2\/revisions\/1920"}],"wp:attachment":[{"href":"https:\/\/enumtec.ch\/fr\/wp-json\/wp\/v2\/media?parent=2"}],"curies":[{"name":"wp","href":"https:\/\/api.w.org\/{rel}","templated":true}]}}