{"id":384,"date":"2023-12-06T16:10:04","date_gmt":"2023-12-06T16:10:04","guid":{"rendered":"http:\/\/enumtec.zewuzodo.cyon.site\/?page_id=384"},"modified":"2023-12-29T11:35:58","modified_gmt":"2023-12-29T10:35:58","slug":"impressum","status":"publish","type":"page","link":"https:\/\/enumtec.ch\/fr\/impressum\/","title":{"rendered":"Impressum"},"content":{"rendered":"<div data-elementor-type=\"wp-page\" data-elementor-id=\"384\" class=\"elementor elementor-384\" data-elementor-post-type=\"page\">\n\t\t\t\t<div class=\"elementor-element elementor-element-fa3e20d e-flex e-con-boxed e-con e-parent\" data-id=\"fa3e20d\" data-element_type=\"container\" data-e-type=\"container\">\n\t\t\t\t\t<div class=\"e-con-inner\">\n\t\t\t\t<div class=\"elementor-element elementor-element-ce031b0 elementor-widget elementor-widget-spacer\" data-id=\"ce031b0\" data-element_type=\"widget\" data-e-type=\"widget\" data-widget_type=\"spacer.default\">\n\t\t\t\t<div class=\"elementor-widget-container\">\n\t\t\t\t\t\t\t<div class=\"elementor-spacer\">\n\t\t\t<div class=\"elementor-spacer-inner\"><\/div>\n\t\t<\/div>\n\t\t\t\t\t\t<\/div>\n\t\t\t\t<\/div>\n\t\t\t\t\t<\/div>\n\t\t\t\t<\/div>\n\t\t<div class=\"elementor-element elementor-element-279469f e-flex e-con-boxed e-con e-parent\" data-id=\"279469f\" data-element_type=\"container\" data-e-type=\"container\">\n\t\t\t\t\t<div class=\"e-con-inner\">\n\t\t\t\t<div class=\"elementor-element elementor-element-282d49d elementor-widget elementor-widget-heading\" data-id=\"282d49d\" data-element_type=\"widget\" data-e-type=\"widget\" data-widget_type=\"heading.default\">\n\t\t\t\t<div class=\"elementor-widget-container\">\n\t\t\t\t\t<h2 class=\"elementor-heading-title elementor-size-default\">Impressum<\/h2>\t\t\t\t<\/div>\n\t\t\t\t<\/div>\n\t\t\t\t<div class=\"elementor-element elementor-element-ff24ba6 elementor-align-left elementor-widget elementor-widget-breadcrumbs\" data-id=\"ff24ba6\" data-element_type=\"widget\" data-e-type=\"widget\" data-widget_type=\"breadcrumbs.default\">\n\t\t\t\t<div class=\"elementor-widget-container\">\n\t\t\t\t\t<p id=\"breadcrumbs\"><span><span><a href=\"https:\/\/enumtec.ch\/fr\/\">Home<\/a><\/span><\/span><\/p>\t\t\t\t<\/div>\n\t\t\t\t<\/div>\n\t\t\t\t<div class=\"elementor-element elementor-element-465d979 elementor-widget elementor-widget-spacer\" data-id=\"465d979\" data-element_type=\"widget\" data-e-type=\"widget\" data-widget_type=\"spacer.default\">\n\t\t\t\t<div class=\"elementor-widget-container\">\n\t\t\t\t\t\t\t<div class=\"elementor-spacer\">\n\t\t\t<div class=\"elementor-spacer-inner\"><\/div>\n\t\t<\/div>\n\t\t\t\t\t\t<\/div>\n\t\t\t\t<\/div>\n\t\t\t\t\t<\/div>\n\t\t\t\t<\/div>\n\t\t<div class=\"elementor-element elementor-element-8a7dee5 e-flex e-con-boxed e-con e-parent\" data-id=\"8a7dee5\" data-element_type=\"container\" data-e-type=\"container\">\n\t\t\t\t\t<div class=\"e-con-inner\">\n\t\t<div class=\"elementor-element elementor-element-212bb0a e-con-full e-flex e-con e-child\" data-id=\"212bb0a\" data-element_type=\"container\" data-e-type=\"container\">\n\t\t\t\t<div class=\"elementor-element elementor-element-1f77730 elementor-widget elementor-widget-heading\" data-id=\"1f77730\" data-element_type=\"widget\" data-e-type=\"widget\" data-widget_type=\"heading.default\">\n\t\t\t\t<div class=\"elementor-widget-container\">\n\t\t\t\t\t<h3 class=\"elementor-heading-title elementor-size-default\">Responsable du contenu des pages<\/h3>\t\t\t\t<\/div>\n\t\t\t\t<\/div>\n\t\t\t\t<\/div>\n\t\t<div class=\"elementor-element elementor-element-27d2b31 e-con-full e-flex e-con e-child\" data-id=\"27d2b31\" data-element_type=\"container\" data-e-type=\"container\">\n\t\t\t\t<div class=\"elementor-element elementor-element-f5d1ad7 elementor-widget elementor-widget-text-editor\" data-id=\"f5d1ad7\" data-element_type=\"widget\" data-e-type=\"widget\" data-widget_type=\"text-editor.default\">\n\t\t\t\t<div class=\"elementor-widget-container\">\n\t\t\t\t\t\t\t\t\t<p class=\"translation-block\">enUMtec AG<br>Andr\u00e9 Holliger<br>Tellistrasse 114<br>CH-5000 Aarau<br><br>Courrier \u00e9lectronique:\u00a0info@enUMtec.ch<br>T\u00e9l\u00e9phone:\u00a0+41 62 824 29 95<br>Fax:\u00a0+41 62 824 29 96<\/p>\t\t\t\t\t\t\t\t<\/div>\n\t\t\t\t<\/div>\n\t\t\t\t<\/div>\n\t\t\t\t\t<\/div>\n\t\t\t\t<\/div>\n\t\t<div class=\"elementor-element elementor-element-c2b1a28 e-flex e-con-boxed e-con e-parent\" data-id=\"c2b1a28\" data-element_type=\"container\" data-e-type=\"container\">\n\t\t\t\t\t<div class=\"e-con-inner\">\n\t\t<div class=\"elementor-element elementor-element-fed2ea3 e-con-full e-flex e-con e-child\" data-id=\"fed2ea3\" data-element_type=\"container\" data-e-type=\"container\">\n\t\t\t\t<div class=\"elementor-element elementor-element-c357063 elementor-widget elementor-widget-heading\" data-id=\"c357063\" data-element_type=\"widget\" data-e-type=\"widget\" data-widget_type=\"heading.default\">\n\t\t\t\t<div class=\"elementor-widget-container\">\n\t\t\t\t\t<h3 class=\"elementor-heading-title elementor-size-default\">Informations sur l'entreprise<\/h3>\t\t\t\t<\/div>\n\t\t\t\t<\/div>\n\t\t\t\t<\/div>\n\t\t<div class=\"elementor-element elementor-element-8cb8325 e-con-full e-flex e-con e-child\" data-id=\"8cb8325\" data-element_type=\"container\" data-e-type=\"container\">\n\t\t\t\t<div class=\"elementor-element elementor-element-4a7d9d3 elementor-widget elementor-widget-text-editor\" data-id=\"4a7d9d3\" data-element_type=\"widget\" data-e-type=\"widget\" data-widget_type=\"text-editor.default\">\n\t\t\t\t<div class=\"elementor-widget-container\">\n\t\t\t\t\t\t\t\t\t<div class=\"paragraph\">Courrier \u00e9lectronique:\u00a0<strong>info@enUMtec.ch<\/strong><br \/>T\u00e9l\u00e9phone:\u00a0<strong>+41 62 824 29 95<\/strong><br \/>Fax:\u00a0<strong>+41 62 824 29 96<\/strong><br \/><br \/>Factures \u00e0:\u00a0<strong>rechnungen@enUMtec.ch<\/strong><br \/><br \/>N\u00b0 de TVA:\u00a0<strong>CHE-101.086.341<\/strong><br \/>Registre du commerce:\u00a0<strong>CH-020.4.020.634-2<\/strong><br \/><br \/>G\u00e9rant autoris\u00e9 \u00e0 repr\u00e9senter l'entreprise:\u00a0<strong>Andr\u00e9 Holliger<\/strong><br \/><br \/>Coordonn\u00e9es bancaires:\u00a0<strong>Hypothekarbank Lenzburg AG<\/strong><br \/>IIC\/BLZ:\u00a0<strong>8307<\/strong><br \/>BIC\/SWIFT:\u00a0<strong>HYPLCH22<\/strong><br \/>IBAN compte CHF:\u00a0<strong>CH11 0830 7000 3115 4631 5<\/strong><br \/>IBAN compte EUR:\u00a0<strong>CH86 0830 7000 3115 4632 3<\/strong><br \/><br \/><\/div><p><a href=\"https:\/\/www.aihk.ch\/\" target=\"_blank\" rel=\"noopener\"><img decoding=\"async\" class=\"galleryImageBorder wsite-image\" src=\"https:\/\/enumtec.ch\/uploads\/1\/2\/8\/9\/128947759\/published\/aihk.png?1586893900\" alt=\"Bild\" \/><\/a><\/p><div class=\"paragraph\">Membre de la Chambre de commerce et d'industrie d'Argovie (AIHK)<\/div>\t\t\t\t\t\t\t\t<\/div>\n\t\t\t\t<\/div>\n\t\t\t\t<\/div>\n\t\t\t\t\t<\/div>\n\t\t\t\t<\/div>\n\t\t<div class=\"elementor-element elementor-element-d22c013 e-flex e-con-boxed e-con e-parent\" data-id=\"d22c013\" data-element_type=\"container\" data-e-type=\"container\">\n\t\t\t\t\t<div class=\"e-con-inner\">\n\t\t<div class=\"elementor-element elementor-element-4e1a668 e-con-full e-flex e-con e-child\" data-id=\"4e1a668\" data-element_type=\"container\" data-e-type=\"container\">\n\t\t\t\t<div class=\"elementor-element elementor-element-08afd9f elementor-widget elementor-widget-heading\" data-id=\"08afd9f\" data-element_type=\"widget\" data-e-type=\"widget\" data-widget_type=\"heading.default\">\n\t\t\t\t<div class=\"elementor-widget-container\">\n\t\t\t\t\t<h3 class=\"elementor-heading-title elementor-size-default\">Copyright<\/h3>\t\t\t\t<\/div>\n\t\t\t\t<\/div>\n\t\t\t\t<\/div>\n\t\t<div class=\"elementor-element elementor-element-dbfbe22 e-con-full e-flex e-con e-child\" data-id=\"dbfbe22\" data-element_type=\"container\" data-e-type=\"container\">\n\t\t\t\t<div class=\"elementor-element elementor-element-50494e1 elementor-widget elementor-widget-text-editor\" data-id=\"50494e1\" data-element_type=\"widget\" data-e-type=\"widget\" data-widget_type=\"text-editor.default\">\n\t\t\t\t<div class=\"elementor-widget-container\">\n\t\t\t\t\t\t\t\t\t<p class=\"translation-block\">enUMtec AG<br>Andr\u00e9 Holliger<br>Tellistrasse 114<br>CH-5000 Aarau<br><br>Courrier \u00e9lectronique:\u00a0info@enUMtec.ch<br>T\u00e9l\u00e9phone:\u00a0+41 62 824 29 95<br>Fax:\u00a0+41 62 824 29 96<\/p>\t\t\t\t\t\t\t\t<\/div>\n\t\t\t\t<\/div>\n\t\t\t\t<\/div>\n\t\t\t\t\t<\/div>\n\t\t\t\t<\/div>\n\t\t<div class=\"elementor-element elementor-element-5debbb0 e-flex e-con-boxed e-con e-parent\" data-id=\"5debbb0\" data-element_type=\"container\" data-e-type=\"container\">\n\t\t\t\t\t<div class=\"e-con-inner\">\n\t\t<div class=\"elementor-element elementor-element-455f52e e-con-full e-flex e-con e-child\" data-id=\"455f52e\" data-element_type=\"container\" data-e-type=\"container\">\n\t\t\t\t<div class=\"elementor-element elementor-element-e156abf elementor-widget elementor-widget-heading\" data-id=\"e156abf\" data-element_type=\"widget\" data-e-type=\"widget\" data-widget_type=\"heading.default\">\n\t\t\t\t<div class=\"elementor-widget-container\">\n\t\t\t\t\t<h3 class=\"elementor-heading-title elementor-size-default\">Clause de non-responsabilit\u00e9<\/h3>\t\t\t\t<\/div>\n\t\t\t\t<\/div>\n\t\t\t\t<\/div>\n\t\t<div class=\"elementor-element elementor-element-c4953ec e-con-full e-flex e-con e-child\" data-id=\"c4953ec\" data-element_type=\"container\" data-e-type=\"container\">\n\t\t\t\t<div class=\"elementor-element elementor-element-a14e830 elementor-widget elementor-widget-text-editor\" data-id=\"a14e830\" data-element_type=\"widget\" data-e-type=\"widget\" data-widget_type=\"text-editor.default\">\n\t\t\t\t<div class=\"elementor-widget-container\">\n\t\t\t\t\t\t\t\t\t<p>Tous les textes et liens ont \u00e9t\u00e9 soigneusement v\u00e9rifi\u00e9s et sont actualis\u00e9s en permanence. Nous nous effor\u00e7ons de fournir des informations exactes et compl\u00e8tes sur ce site web, mais nous n'assumons aucune responsabilit\u00e9, garantie ou obligation quant \u00e0 l'exactitude, l'exhaustivit\u00e9 ou l'actualit\u00e9 des informations fournies par le biais de ce site web. Nous nous r\u00e9servons le droit de modifier \u00e0 tout moment et sans pr\u00e9avis les informations contenues dans ce site web et nous ne nous engageons pas non plus \u00e0 mettre \u00e0 jour les informations contenues. L'exactitude de tous les liens vers des fournisseurs externes a \u00e9t\u00e9 v\u00e9rifi\u00e9e au moment de leur inclusion, mais nous ne sommes pas responsables du contenu et de la disponibilit\u00e9 des sites web accessibles par des hyperliens. Seul le fournisseur de la page \u00e0 laquelle il a \u00e9t\u00e9 fait r\u00e9f\u00e9rence est responsable des contenus ill\u00e9gaux, erron\u00e9s ou incomplets et en particulier des dommages caus\u00e9s par les contenus des pages li\u00e9es. Peu importe que le dommage soit de nature directe, indirecte ou financi\u00e8re ou qu'il s'agisse d'un autre dommage pouvant r\u00e9sulter d'une perte de donn\u00e9es, d'une perte d'utilisation ou d'autres causes de toute nature.<\/p>\t\t\t\t\t\t\t\t<\/div>\n\t\t\t\t<\/div>\n\t\t\t\t<\/div>\n\t\t\t\t\t<\/div>\n\t\t\t\t<\/div>\n\t\t<div class=\"elementor-element elementor-element-6f47d62 e-flex e-con-boxed e-con e-parent\" data-id=\"6f47d62\" data-element_type=\"container\" data-e-type=\"container\">\n\t\t\t\t\t<div class=\"e-con-inner\">\n\t\t\t\t<div class=\"elementor-element elementor-element-b4000b8 elementor-widget elementor-widget-spacer\" data-id=\"b4000b8\" data-element_type=\"widget\" data-e-type=\"widget\" data-widget_type=\"spacer.default\">\n\t\t\t\t<div class=\"elementor-widget-container\">\n\t\t\t\t\t\t\t<div class=\"elementor-spacer\">\n\t\t\t<div class=\"elementor-spacer-inner\"><\/div>\n\t\t<\/div>\n\t\t\t\t\t\t<\/div>\n\t\t\t\t<\/div>\n\t\t\t\t\t<\/div>\n\t\t\t\t<\/div>\n\t\t\t\t<\/div>","protected":false},"excerpt":{"rendered":"<p>Verantwortlich f\u00fcr den Inhalt der Seiten enUMtec AGAndr\u00e9 HolligerTellistrasse 114CH-5000 Aarau Mail:\u00a0info@enUMtec.chTelefon:\u00a0+41 62 824 29 95Fax:\u00a0+41 62 824 29 96 Angaben zur Firma Mail:\u00a0info@enUMtec.chTelefon:\u00a0+41 62 824 29 95Fax:\u00a0+41 62 824 29 96 Rechnungen an:\u00a0rechnungen@enUMtec.ch MWST-Nr.:\u00a0CHE-101.086.341Handelsregister:\u00a0CH-020.4.020.634-2 Vertretungsberechtigter Gesch\u00e4ftsf\u00fchrer:\u00a0Andr\u00e9 Holliger Bankverbindung:\u00a0Hypothekarbank Lenzburg AGIIC\/BLZ:\u00a08307BIC\/SWIFT:\u00a0HYPLCH22IBAN CHF-Konto:\u00a0CH11 0830 7000 3115 4631 5IBAN EUR-Konto:\u00a0CH86 0830 7000 3115 4632 3 Mitglied der [&hellip;]<\/p>\n","protected":false},"author":3,"featured_media":0,"parent":0,"menu_order":0,"comment_status":"closed","ping_status":"closed","template":"elementor_theme","meta":{"footnotes":""},"class_list":["post-384","page","type-page","status-publish","hentry"],"_links":{"self":[{"href":"https:\/\/enumtec.ch\/fr\/wp-json\/wp\/v2\/pages\/384","targetHints":{"allow":["GET"]}}],"collection":[{"href":"https:\/\/enumtec.ch\/fr\/wp-json\/wp\/v2\/pages"}],"about":[{"href":"https:\/\/enumtec.ch\/fr\/wp-json\/wp\/v2\/types\/page"}],"author":[{"embeddable":true,"href":"https:\/\/enumtec.ch\/fr\/wp-json\/wp\/v2\/users\/3"}],"replies":[{"embeddable":true,"href":"https:\/\/enumtec.ch\/fr\/wp-json\/wp\/v2\/comments?post=384"}],"version-history":[{"count":26,"href":"https:\/\/enumtec.ch\/fr\/wp-json\/wp\/v2\/pages\/384\/revisions"}],"predecessor-version":[{"id":1498,"href":"https:\/\/enumtec.ch\/fr\/wp-json\/wp\/v2\/pages\/384\/revisions\/1498"}],"wp:attachment":[{"href":"https:\/\/enumtec.ch\/fr\/wp-json\/wp\/v2\/media?parent=384"}],"curies":[{"name":"wp","href":"https:\/\/api.w.org\/{rel}","templated":true}]}}