{"id":514,"date":"2023-12-21T07:48:38","date_gmt":"2023-12-21T07:48:38","guid":{"rendered":"http:\/\/enumtec.zewuzodo.cyon.site\/?page_id=514"},"modified":"2024-12-10T15:57:40","modified_gmt":"2024-12-10T13:57:40","slug":"enotec","status":"publish","type":"page","link":"https:\/\/enumtec.ch\/fr\/produkte\/enotec\/","title":{"rendered":"Enotec"},"content":{"rendered":"<div data-elementor-type=\"wp-page\" data-elementor-id=\"514\" class=\"elementor elementor-514\" data-elementor-post-type=\"page\">\n\t\t\t\t<div class=\"elementor-element elementor-element-9c8ff1c e-flex e-con-boxed e-con e-parent\" data-id=\"9c8ff1c\" data-element_type=\"container\" data-e-type=\"container\">\n\t\t\t\t\t<div class=\"e-con-inner\">\n\t\t\t\t<div class=\"elementor-element elementor-element-f4ef625 elementor-widget elementor-widget-spacer\" data-id=\"f4ef625\" data-element_type=\"widget\" data-e-type=\"widget\" data-widget_type=\"spacer.default\">\n\t\t\t\t<div class=\"elementor-widget-container\">\n\t\t\t\t\t\t\t<div class=\"elementor-spacer\">\n\t\t\t<div class=\"elementor-spacer-inner\"><\/div>\n\t\t<\/div>\n\t\t\t\t\t\t<\/div>\n\t\t\t\t<\/div>\n\t\t\t\t\t<\/div>\n\t\t\t\t<\/div>\n\t\t<div class=\"elementor-element elementor-element-1910c58 e-flex e-con-boxed e-con e-parent\" data-id=\"1910c58\" data-element_type=\"container\" data-e-type=\"container\">\n\t\t\t\t\t<div class=\"e-con-inner\">\n\t\t\t\t<div class=\"elementor-element elementor-element-4f298e5 elementor-widget elementor-widget-heading\" data-id=\"4f298e5\" data-element_type=\"widget\" data-e-type=\"widget\" data-widget_type=\"heading.default\">\n\t\t\t\t<div class=\"elementor-widget-container\">\n\t\t\t\t\t<h2 class=\"elementor-heading-title elementor-size-default\">Enotec<\/h2>\t\t\t\t<\/div>\n\t\t\t\t<\/div>\n\t\t\t\t<div class=\"elementor-element elementor-element-1bd525e elementor-align-left elementor-widget elementor-widget-breadcrumbs\" data-id=\"1bd525e\" data-element_type=\"widget\" data-e-type=\"widget\" data-widget_type=\"breadcrumbs.default\">\n\t\t\t\t<div class=\"elementor-widget-container\">\n\t\t\t\t\t<p id=\"breadcrumbs\"><span><span><a href=\"https:\/\/enumtec.ch\/fr\/\">Home<\/a><\/span><\/span><\/p>\t\t\t\t<\/div>\n\t\t\t\t<\/div>\n\t\t\t\t\t<\/div>\n\t\t\t\t<\/div>\n\t\t<div class=\"elementor-element elementor-element-f6f4a22 e-flex e-con-boxed e-con e-parent\" data-id=\"f6f4a22\" data-element_type=\"container\" data-e-type=\"container\">\n\t\t\t\t\t<div class=\"e-con-inner\">\n\t\t\t\t<div class=\"elementor-element elementor-element-b6c2309 elementor-widget elementor-widget-spacer\" data-id=\"b6c2309\" data-element_type=\"widget\" data-e-type=\"widget\" data-widget_type=\"spacer.default\">\n\t\t\t\t<div class=\"elementor-widget-container\">\n\t\t\t\t\t\t\t<div class=\"elementor-spacer\">\n\t\t\t<div class=\"elementor-spacer-inner\"><\/div>\n\t\t<\/div>\n\t\t\t\t\t\t<\/div>\n\t\t\t\t<\/div>\n\t\t\t\t\t<\/div>\n\t\t\t\t<\/div>\n\t\t<div class=\"elementor-element elementor-element-55b6df5 e-flex e-con-boxed e-con e-parent\" data-id=\"55b6df5\" data-element_type=\"container\" data-e-type=\"container\">\n\t\t\t\t\t<div class=\"e-con-inner\">\n\t\t<div class=\"elementor-element elementor-element-95c490a e-con-full e-flex e-con e-child\" data-id=\"95c490a\" data-element_type=\"container\" data-e-type=\"container\">\n\t\t\t\t<div class=\"elementor-element elementor-element-f803388 elementor-widget elementor-widget-image\" data-id=\"f803388\" data-element_type=\"widget\" data-e-type=\"widget\" data-widget_type=\"image.default\">\n\t\t\t\t<div class=\"elementor-widget-container\">\n\t\t\t\t\t\t\t\t\t\t\t\t\t\t\t<img decoding=\"async\" width=\"314\" height=\"119\" src=\"https:\/\/enumtec.ch\/wp-content\/uploads\/2023\/12\/logo_background.svg\" class=\"attachment-medium size-medium wp-image-571\" alt=\"\" \/>\t\t\t\t\t\t\t\t\t\t\t\t\t\t\t<\/div>\n\t\t\t\t<\/div>\n\t\t\t\t<div class=\"elementor-element elementor-element-73adf78 elementor-widget elementor-widget-text-editor\" data-id=\"73adf78\" data-element_type=\"widget\" data-e-type=\"widget\" data-widget_type=\"text-editor.default\">\n\t\t\t\t<div class=\"elementor-widget-container\">\n\t\t\t\t\t\t\t\t\t<p>Nous sommes le distributeur officiel des produits ENOTEC en Suisse.<\/p>\t\t\t\t\t\t\t\t<\/div>\n\t\t\t\t<\/div>\n\t\t\t\t<\/div>\n\t\t<div class=\"elementor-element elementor-element-345be7e e-con-full e-flex e-con e-child\" data-id=\"345be7e\" data-element_type=\"container\" data-e-type=\"container\">\n\t\t\t\t<div class=\"elementor-element elementor-element-af0a515 elementor-widget elementor-widget-text-editor\" data-id=\"af0a515\" data-element_type=\"widget\" data-e-type=\"widget\" data-widget_type=\"text-editor.default\">\n\t\t\t\t<div class=\"elementor-widget-container\">\n\t\t\t\t\t\t\t\t\t<p><strong>Produits:<\/strong><br \/>Analyseurs de gaz - Syst\u00e8mes de pr\u00e9l\u00e8vement de gaz<br \/><br \/><strong>Syst\u00e8mes de mesure:<\/strong><br \/>Extractif - inSitu- HW (chaud &amp; humide)<br \/><br \/><strong>Composants de mesure:<\/strong><br \/>COe\u00b7 H2O\u00b7 O2<\/p>\t\t\t\t\t\t\t\t<\/div>\n\t\t\t\t<\/div>\n\t\t\t\t<\/div>\n\t\t\t\t\t<\/div>\n\t\t\t\t<\/div>\n\t\t<div class=\"elementor-element elementor-element-3d37b53 e-flex e-con-boxed e-con e-parent\" data-id=\"3d37b53\" data-element_type=\"container\" data-e-type=\"container\">\n\t\t\t\t\t<div class=\"e-con-inner\">\n\t\t\t\t<div class=\"elementor-element elementor-element-b2a7bd5 elementor-widget elementor-widget-spacer\" data-id=\"b2a7bd5\" data-element_type=\"widget\" data-e-type=\"widget\" data-widget_type=\"spacer.default\">\n\t\t\t\t<div class=\"elementor-widget-container\">\n\t\t\t\t\t\t\t<div class=\"elementor-spacer\">\n\t\t\t<div class=\"elementor-spacer-inner\"><\/div>\n\t\t<\/div>\n\t\t\t\t\t\t<\/div>\n\t\t\t\t<\/div>\n\t\t\t\t\t<\/div>\n\t\t\t\t<\/div>\n\t\t<div class=\"elementor-element elementor-element-eeb312b e-flex e-con-boxed e-con e-parent\" data-id=\"eeb312b\" data-element_type=\"container\" data-e-type=\"container\">\n\t\t\t\t\t<div class=\"e-con-inner\">\n\t\t\t\t<div class=\"elementor-element elementor-element-9bc3e0c elementor-widget elementor-widget-heading\" data-id=\"9bc3e0c\" data-element_type=\"widget\" data-e-type=\"widget\" data-widget_type=\"heading.default\">\n\t\t\t\t<div class=\"elementor-widget-container\">\n\t\t\t\t\t<h3 class=\"elementor-heading-title elementor-size-default\">Produits phares<\/h3>\t\t\t\t<\/div>\n\t\t\t\t<\/div>\n\t\t\t\t\t<\/div>\n\t\t\t\t<\/div>\n\t\t<div class=\"elementor-element elementor-element-e206104 e-flex e-con-boxed e-con e-parent\" data-id=\"e206104\" data-element_type=\"container\" data-e-type=\"container\">\n\t\t\t\t\t<div class=\"e-con-inner\">\n\t\t<div class=\"elementor-element elementor-element-7b421ab e-con-full e-flex e-con e-child\" data-id=\"7b421ab\" data-element_type=\"container\" data-e-type=\"container\">\n\t\t\t\t<div class=\"elementor-element elementor-element-d1d0861 elementor-widget elementor-widget-image\" data-id=\"d1d0861\" data-element_type=\"widget\" data-e-type=\"widget\" data-widget_type=\"image.default\">\n\t\t\t\t<div class=\"elementor-widget-container\">\n\t\t\t\t\t\t\t\t\t\t\t\t\t\t\t<img fetchpriority=\"high\" decoding=\"async\" width=\"625\" height=\"325\" src=\"https:\/\/enumtec.ch\/wp-content\/uploads\/2023\/12\/oxitec5000_orig.png\" class=\"attachment-large size-large wp-image-534\" alt=\"\" srcset=\"https:\/\/enumtec.ch\/wp-content\/uploads\/2023\/12\/oxitec5000_orig.png 625w, https:\/\/enumtec.ch\/wp-content\/uploads\/2023\/12\/oxitec5000_orig-300x156.png 300w\" sizes=\"(max-width: 625px) 100vw, 625px\" \/>\t\t\t\t\t\t\t\t\t\t\t\t\t\t\t<\/div>\n\t\t\t\t<\/div>\n\t\t\t\t<div class=\"elementor-element elementor-element-be6c924 elementor-cta--layout-image-above elementor-cta--skin-classic elementor-animated-content elementor-bg-transform elementor-bg-transform-zoom-in elementor-widget elementor-widget-call-to-action\" data-id=\"be6c924\" data-element_type=\"widget\" data-e-type=\"widget\" data-widget_type=\"call-to-action.default\">\n\t\t\t\t<div class=\"elementor-widget-container\">\n\t\t\t\t\t\t\t<a class=\"elementor-cta\" href=\"https:\/\/www.enotec.com\/de\/OXITEC-5000-O2-Analysator\" target=\"_blank\">\n\t\t\t\t\t\t\t<div class=\"elementor-cta__content\">\n\t\t\t\t\n\t\t\t\t\t\t\t\t\t<h2 class=\"elementor-cta__title elementor-cta__content-item elementor-content-item\">\n\t\t\t\t\t\tOXITEC\u00ae5000\t\t\t\t\t<\/h2>\n\t\t\t\t\n\t\t\t\t\t\t\t\t\t<div class=\"elementor-cta__description elementor-cta__content-item elementor-content-item\">\n\t\t\t\t\t\tDes analyseurs d'oxyg\u00e8ne durables pour un contr\u00f4le pr\u00e9cis et rapide des processus.\nLes analyseurs OXITEC\u00ae sont extr\u00eamement polyvalents et peuvent \u00eatre adapt\u00e9s avec pr\u00e9cision \u00e0 chaque processus : La longueur de la sonde, le type de filtre, l'interface et m\u00eame le mat\u00e9riau de la sonde peuvent \u00eatre configur\u00e9s individuellement.\nEn savoir plus... (site web du fabricant)\t\t\t\t\t<\/div>\n\t\t\t\t\n\t\t\t\t\t\t\t\t\t<div class=\"elementor-cta__button-wrapper elementor-cta__content-item elementor-content-item\">\n\t\t\t\t\t<span class=\"elementor-cta__button elementor-button elementor-size-\">\n\t\t\t\t\t\tPlus d'infos\t\t\t\t\t<\/span>\n\t\t\t\t\t<\/div>\n\t\t\t\t\t\t\t<\/div>\n\t\t\t\t\t\t<\/a>\n\t\t\t\t\t\t<\/div>\n\t\t\t\t<\/div>\n\t\t\t\t<\/div>\n\t\t<div class=\"elementor-element elementor-element-3cf0ad4 e-con-full e-flex e-con e-child\" data-id=\"3cf0ad4\" data-element_type=\"container\" data-e-type=\"container\">\n\t\t\t\t<div class=\"elementor-element elementor-element-5caa633 elementor-widget elementor-widget-image\" data-id=\"5caa633\" data-element_type=\"widget\" data-e-type=\"widget\" data-widget_type=\"image.default\">\n\t\t\t\t<div class=\"elementor-widget-container\">\n\t\t\t\t\t\t\t\t\t\t\t\t\t\t\t<img decoding=\"async\" width=\"625\" height=\"325\" src=\"https:\/\/enumtec.ch\/wp-content\/uploads\/2023\/12\/aquatec-2000_orig.png\" class=\"attachment-large size-large wp-image-529\" alt=\"\" srcset=\"https:\/\/enumtec.ch\/wp-content\/uploads\/2023\/12\/aquatec-2000_orig.png 625w, https:\/\/enumtec.ch\/wp-content\/uploads\/2023\/12\/aquatec-2000_orig-300x156.png 300w\" sizes=\"(max-width: 625px) 100vw, 625px\" \/>\t\t\t\t\t\t\t\t\t\t\t\t\t\t\t<\/div>\n\t\t\t\t<\/div>\n\t\t\t\t<div class=\"elementor-element elementor-element-eb8b8cc elementor-cta--layout-image-above elementor-cta--skin-classic elementor-animated-content elementor-bg-transform elementor-bg-transform-zoom-in elementor-widget elementor-widget-call-to-action\" data-id=\"eb8b8cc\" data-element_type=\"widget\" data-e-type=\"widget\" data-widget_type=\"call-to-action.default\">\n\t\t\t\t<div class=\"elementor-widget-container\">\n\t\t\t\t\t\t\t<a class=\"elementor-cta\" href=\"https:\/\/www.enotec.com\/de\/OXITEC-5000-O2-Analysator\" target=\"_blank\">\n\t\t\t\t\t\t\t<div class=\"elementor-cta__content\">\n\t\t\t\t\n\t\t\t\t\t\t\t\t\t<h2 class=\"elementor-cta__title elementor-cta__content-item elementor-content-item\">\n\t\t\t\t\t\tAQUATEC\u00ae 2000\t\t\t\t\t<\/h2>\n\t\t\t\t\n\t\t\t\t\t\t\t\t\t<div class=\"elementor-cta__description elementor-cta__content-item elementor-content-item\">\n\t\t\t\t\t\tL'AQUATEC\u00ae 2000 sert \u00e0 mesurer l'humidit\u00e9 et l'oxyg\u00e8ne dans les gaz de fum\u00e9e ou autres gaz non inflammables de toutes sortes.\nLe syst\u00e8me de mesure se compose de deux sondes \u00e0 oxyg\u00e8ne install\u00e9es l'une derri\u00e8re l'autre. La premi\u00e8re sonde extrait le gaz humide qui est trait\u00e9 (s\u00e9ch\u00e9) dans l'armoire d'analyse et amen\u00e9 \u00e0 la deuxi\u00e8me sonde. Les valeurs des deux sondes sont ensuite compar\u00e9es et \u00e9valu\u00e9es par l'unit\u00e9 \u00e9lectronique.\nPlus d'informations... (site web du fabricant)\t\t\t\t\t<\/div>\n\t\t\t\t\n\t\t\t\t\t\t\t\t\t<div class=\"elementor-cta__button-wrapper elementor-cta__content-item elementor-content-item\">\n\t\t\t\t\t<span class=\"elementor-cta__button elementor-button elementor-size-\">\n\t\t\t\t\t\tPlus d'infos\t\t\t\t\t<\/span>\n\t\t\t\t\t<\/div>\n\t\t\t\t\t\t\t<\/div>\n\t\t\t\t\t\t<\/a>\n\t\t\t\t\t\t<\/div>\n\t\t\t\t<\/div>\n\t\t\t\t<\/div>\n\t\t<div class=\"elementor-element elementor-element-a737bbc e-con-full e-flex e-con e-child\" data-id=\"a737bbc\" data-element_type=\"container\" data-e-type=\"container\">\n\t\t\t\t<div class=\"elementor-element elementor-element-2c22cfc elementor-widget elementor-widget-image\" data-id=\"2c22cfc\" data-element_type=\"widget\" data-e-type=\"widget\" data-widget_type=\"image.default\">\n\t\t\t\t<div class=\"elementor-widget-container\">\n\t\t\t\t\t\t\t\t\t\t\t\t\t\t\t<img loading=\"lazy\" decoding=\"async\" width=\"625\" height=\"325\" src=\"https:\/\/enumtec.ch\/wp-content\/uploads\/2023\/12\/comtec-6000_orig.png\" class=\"attachment-large size-large wp-image-531\" alt=\"\" srcset=\"https:\/\/enumtec.ch\/wp-content\/uploads\/2023\/12\/comtec-6000_orig.png 625w, https:\/\/enumtec.ch\/wp-content\/uploads\/2023\/12\/comtec-6000_orig-300x156.png 300w\" sizes=\"(max-width: 625px) 100vw, 625px\" \/>\t\t\t\t\t\t\t\t\t\t\t\t\t\t\t<\/div>\n\t\t\t\t<\/div>\n\t\t\t\t<div class=\"elementor-element elementor-element-b0f0705 elementor-cta--layout-image-above elementor-cta--skin-classic elementor-animated-content elementor-bg-transform elementor-bg-transform-zoom-in elementor-widget elementor-widget-call-to-action\" data-id=\"b0f0705\" data-element_type=\"widget\" data-e-type=\"widget\" data-widget_type=\"call-to-action.default\">\n\t\t\t\t<div class=\"elementor-widget-container\">\n\t\t\t\t\t\t\t<a class=\"elementor-cta\" href=\"https:\/\/www.enotec.com\/de\/OXITEC-5000-O2-Analysator\" target=\"_blank\">\n\t\t\t\t\t\t\t<div class=\"elementor-cta__content\">\n\t\t\t\t\n\t\t\t\t\t\t\t\t\t<h2 class=\"elementor-cta__title elementor-cta__content-item elementor-content-item\">\n\t\t\t\t\t\tCOMTEC\u00ae 6000\t\t\t\t\t<\/h2>\n\t\t\t\t\n\t\t\t\t\t\t\t\t\t<div class=\"elementor-cta__description elementor-cta__content-item elementor-content-item\">\n\t\t\t\t\t\tL'analyseur de gaz COMTEC\u00ae 6000 InSitu est con\u00e7u pour d\u00e9terminer l'oxyg\u00e8ne et le COe (somme des mol\u00e9cules non br\u00fbl\u00e9es comme le monoxyde de carbone, le m\u00e9thane ou l'hydrog\u00e8ne) dans des mesures redondantes en temps r\u00e9el dans les gaz de fum\u00e9e et de processus. Ceci est obtenu en combinant un capteur MXP pour l'analyse du COe avec la technique d'un capteur MLT pour la mesure de l'oxyg\u00e8ne.\nPlus d'informations... (site web du fabricant)\t\t\t\t\t<\/div>\n\t\t\t\t\n\t\t\t\t\t\t\t\t\t<div class=\"elementor-cta__button-wrapper elementor-cta__content-item elementor-content-item\">\n\t\t\t\t\t<span class=\"elementor-cta__button elementor-button elementor-size-\">\n\t\t\t\t\t\tPlus d'infos\t\t\t\t\t<\/span>\n\t\t\t\t\t<\/div>\n\t\t\t\t\t\t\t<\/div>\n\t\t\t\t\t\t<\/a>\n\t\t\t\t\t\t<\/div>\n\t\t\t\t<\/div>\n\t\t\t\t<\/div>\n\t\t\t\t\t<\/div>\n\t\t\t\t<\/div>\n\t\t<div class=\"elementor-element elementor-element-02818a6 e-flex e-con-boxed e-con e-parent\" data-id=\"02818a6\" data-element_type=\"container\" data-e-type=\"container\">\n\t\t\t\t\t<div class=\"e-con-inner\">\n\t\t\t\t<div class=\"elementor-element elementor-element-290f91d elementor-widget-divider--view-line elementor-widget elementor-widget-divider\" data-id=\"290f91d\" data-element_type=\"widget\" data-e-type=\"widget\" data-widget_type=\"divider.default\">\n\t\t\t\t<div class=\"elementor-widget-container\">\n\t\t\t\t\t\t\t<div class=\"elementor-divider\">\n\t\t\t<span class=\"elementor-divider-separator\">\n\t\t\t\t\t\t<\/span>\n\t\t<\/div>\n\t\t\t\t\t\t<\/div>\n\t\t\t\t<\/div>\n\t\t\t\t\t<\/div>\n\t\t\t\t<\/div>\n\t\t<div class=\"elementor-element elementor-element-c375f57 e-flex e-con-boxed e-con e-parent\" data-id=\"c375f57\" data-element_type=\"container\" data-e-type=\"container\">\n\t\t\t\t\t<div class=\"e-con-inner\">\n\t\t<div class=\"elementor-element elementor-element-da35343 e-con-full e-flex e-con e-child\" data-id=\"da35343\" data-element_type=\"container\" data-e-type=\"container\">\n\t\t\t\t<div class=\"elementor-element elementor-element-5799b34 elementor-widget elementor-widget-image\" data-id=\"5799b34\" data-element_type=\"widget\" data-e-type=\"widget\" data-widget_type=\"image.default\">\n\t\t\t\t<div class=\"elementor-widget-container\">\n\t\t\t\t\t\t\t\t\t\t\t\t\t\t\t<img loading=\"lazy\" decoding=\"async\" width=\"360\" height=\"220\" src=\"https:\/\/enumtec.ch\/wp-content\/uploads\/2024\/07\/oxitec500e_re.png\" class=\"attachment-large size-large wp-image-2047\" alt=\"\" srcset=\"https:\/\/enumtec.ch\/wp-content\/uploads\/2024\/07\/oxitec500e_re.png 360w, https:\/\/enumtec.ch\/wp-content\/uploads\/2024\/07\/oxitec500e_re-300x183.png 300w, https:\/\/enumtec.ch\/wp-content\/uploads\/2024\/07\/oxitec500e_re-18x12.png 18w\" sizes=\"(max-width: 360px) 100vw, 360px\" \/>\t\t\t\t\t\t\t\t\t\t\t\t\t\t\t<\/div>\n\t\t\t\t<\/div>\n\t\t\t\t<div class=\"elementor-element elementor-element-3fc8444 elementor-cta--layout-image-above elementor-cta--skin-classic elementor-animated-content elementor-bg-transform elementor-bg-transform-zoom-in elementor-widget elementor-widget-call-to-action\" data-id=\"3fc8444\" data-element_type=\"widget\" data-e-type=\"widget\" data-widget_type=\"call-to-action.default\">\n\t\t\t\t<div class=\"elementor-widget-container\">\n\t\t\t\t\t\t\t<a class=\"elementor-cta\" href=\"https:\/\/www.enotec.com\/de\/OXITEC-5000-O2-Analysator\" target=\"_blank\">\n\t\t\t\t\t\t\t<div class=\"elementor-cta__content\">\n\t\t\t\t\n\t\t\t\t\t\t\t\t\t<h2 class=\"elementor-cta__title elementor-cta__content-item elementor-content-item\">\n\t\t\t\t\t\tOXITEC\u00ae 500E\t\t\t\t\t<\/h2>\n\t\t\t\t\n\t\t\t\t\t\t\t\t\t<div class=\"elementor-cta__description elementor-cta__content-item elementor-content-item\">\n\t\t\t\t\t\tAnalyseur O2 extractif fiable pour la mesure en milieu humide ou sec sous forme de rack 19 \u00bb.\nPlus d'informations... (site web du fabricant)\t\t\t\t\t<\/div>\n\t\t\t\t\n\t\t\t\t\t\t\t\t\t<div class=\"elementor-cta__button-wrapper elementor-cta__content-item elementor-content-item\">\n\t\t\t\t\t<span class=\"elementor-cta__button elementor-button elementor-size-\">\n\t\t\t\t\t\tPlus d'infos\t\t\t\t\t<\/span>\n\t\t\t\t\t<\/div>\n\t\t\t\t\t\t\t<\/div>\n\t\t\t\t\t\t<\/a>\n\t\t\t\t\t\t<\/div>\n\t\t\t\t<\/div>\n\t\t\t\t<\/div>\n\t\t<div class=\"elementor-element elementor-element-69bab11 e-con-full e-flex e-con e-child\" data-id=\"69bab11\" data-element_type=\"container\" data-e-type=\"container\">\n\t\t\t\t<div class=\"elementor-element elementor-element-a71628a elementor-widget elementor-widget-image\" data-id=\"a71628a\" data-element_type=\"widget\" data-e-type=\"widget\" data-widget_type=\"image.default\">\n\t\t\t\t<div class=\"elementor-widget-container\">\n\t\t\t\t\t\t\t\t\t\t\t\t\t\t\t<img loading=\"lazy\" decoding=\"async\" width=\"360\" height=\"220\" src=\"https:\/\/enumtec.ch\/wp-content\/uploads\/2024\/07\/ensitu-7000-transmitter-probe-o2-analyzer-large_re.png\" class=\"attachment-large size-large wp-image-2046\" alt=\"\" srcset=\"https:\/\/enumtec.ch\/wp-content\/uploads\/2024\/07\/ensitu-7000-transmitter-probe-o2-analyzer-large_re.png 360w, https:\/\/enumtec.ch\/wp-content\/uploads\/2024\/07\/ensitu-7000-transmitter-probe-o2-analyzer-large_re-300x183.png 300w, https:\/\/enumtec.ch\/wp-content\/uploads\/2024\/07\/ensitu-7000-transmitter-probe-o2-analyzer-large_re-18x12.png 18w\" sizes=\"(max-width: 360px) 100vw, 360px\" \/>\t\t\t\t\t\t\t\t\t\t\t\t\t\t\t<\/div>\n\t\t\t\t<\/div>\n\t\t\t\t<div class=\"elementor-element elementor-element-ac9a6ff elementor-cta--layout-image-above elementor-cta--skin-classic elementor-animated-content elementor-bg-transform elementor-bg-transform-zoom-in elementor-widget elementor-widget-call-to-action\" data-id=\"ac9a6ff\" data-element_type=\"widget\" data-e-type=\"widget\" data-widget_type=\"call-to-action.default\">\n\t\t\t\t<div class=\"elementor-widget-container\">\n\t\t\t\t\t\t\t<a class=\"elementor-cta\" href=\"https:\/\/www.enotec.com\/de\/OXITEC-5000-O2-Analysator\" target=\"_blank\">\n\t\t\t\t\t\t\t<div class=\"elementor-cta__content\">\n\t\t\t\t\n\t\t\t\t\t\t\t\t\t<h2 class=\"elementor-cta__title elementor-cta__content-item elementor-content-item\">\n\t\t\t\t\t\tENSITU\u00ae 7000\t\t\t\t\t<\/h2>\n\t\t\t\t\n\t\t\t\t\t\t\t\t\t<div class=\"elementor-cta__description elementor-cta__content-item elementor-content-item\">\n\t\t\t\t\t\tENSITU\u00ae 7000, le produit d'entr\u00e9e de gamme bon march\u00e9 pour la mesure de l'oxyg\u00e8ne, est bas\u00e9 sur des d\u00e9cennies d'exp\u00e9rience.\nPlus d'informations... (site web du fabricant)\t\t\t\t\t<\/div>\n\t\t\t\t\n\t\t\t\t\t\t\t\t\t<div class=\"elementor-cta__button-wrapper elementor-cta__content-item elementor-content-item\">\n\t\t\t\t\t<span class=\"elementor-cta__button elementor-button elementor-size-\">\n\t\t\t\t\t\tPlus d'infos\t\t\t\t\t<\/span>\n\t\t\t\t\t<\/div>\n\t\t\t\t\t\t\t<\/div>\n\t\t\t\t\t\t<\/a>\n\t\t\t\t\t\t<\/div>\n\t\t\t\t<\/div>\n\t\t\t\t<\/div>\n\t\t<div class=\"elementor-element elementor-element-decde63 e-con-full e-flex e-con e-child\" data-id=\"decde63\" data-element_type=\"container\" data-e-type=\"container\">\n\t\t\t\t<div class=\"elementor-element elementor-element-dce3fb9 elementor-widget elementor-widget-image\" data-id=\"dce3fb9\" data-element_type=\"widget\" data-e-type=\"widget\" data-widget_type=\"image.default\">\n\t\t\t\t<div class=\"elementor-widget-container\">\n\t\t\t\t\t\t\t\t\t\t\t\t\t\t\t<img loading=\"lazy\" decoding=\"async\" width=\"360\" height=\"220\" src=\"https:\/\/enumtec.ch\/wp-content\/uploads\/2024\/07\/cemtec_re.png\" class=\"attachment-large size-large wp-image-2045\" alt=\"\" srcset=\"https:\/\/enumtec.ch\/wp-content\/uploads\/2024\/07\/cemtec_re.png 360w, https:\/\/enumtec.ch\/wp-content\/uploads\/2024\/07\/cemtec_re-300x183.png 300w, https:\/\/enumtec.ch\/wp-content\/uploads\/2024\/07\/cemtec_re-18x12.png 18w\" sizes=\"(max-width: 360px) 100vw, 360px\" \/>\t\t\t\t\t\t\t\t\t\t\t\t\t\t\t<\/div>\n\t\t\t\t<\/div>\n\t\t\t\t<div class=\"elementor-element elementor-element-435b106 elementor-cta--layout-image-above elementor-cta--skin-classic elementor-animated-content elementor-bg-transform elementor-bg-transform-zoom-in elementor-widget elementor-widget-call-to-action\" data-id=\"435b106\" data-element_type=\"widget\" data-e-type=\"widget\" data-widget_type=\"call-to-action.default\">\n\t\t\t\t<div class=\"elementor-widget-container\">\n\t\t\t\t\t\t\t<a class=\"elementor-cta\" href=\"https:\/\/www.enotec.com\/de\/OXITEC-5000-O2-Analysator\" target=\"_blank\">\n\t\t\t\t\t\t\t<div class=\"elementor-cta__content\">\n\t\t\t\t\n\t\t\t\t\t\t\t\t\t<h2 class=\"elementor-cta__title elementor-cta__content-item elementor-content-item\">\n\t\t\t\t\t\tCEMTEC\u00ae \t\t\t\t\t<\/h2>\n\t\t\t\t\n\t\t\t\t\t\t\t\t\t<div class=\"elementor-cta__description elementor-cta__content-item elementor-content-item\">\n\t\t\t\t\t\tLe syst\u00e8me de pr\u00e9l\u00e8vement de gaz CEMTEC\u00ae dispose de propri\u00e9t\u00e9s autonettoyantes et d'une r\u00e9sistance m\u00e9canique sans pr\u00e9c\u00e9dent pour des mesures en continu visant \u00e0 optimiser le pyroprocessus dans les cimenteries.\nPlus d'informations... (site web du fabricant)\t\t\t\t\t<\/div>\n\t\t\t\t\n\t\t\t\t\t\t\t\t\t<div class=\"elementor-cta__button-wrapper elementor-cta__content-item elementor-content-item\">\n\t\t\t\t\t<span class=\"elementor-cta__button elementor-button elementor-size-\">\n\t\t\t\t\t\tPlus d'infos\t\t\t\t\t<\/span>\n\t\t\t\t\t<\/div>\n\t\t\t\t\t\t\t<\/div>\n\t\t\t\t\t\t<\/a>\n\t\t\t\t\t\t<\/div>\n\t\t\t\t<\/div>\n\t\t\t\t<\/div>\n\t\t\t\t\t<\/div>\n\t\t\t\t<\/div>\n\t\t<div class=\"elementor-element elementor-element-48b5286 e-flex e-con-boxed e-con e-parent\" data-id=\"48b5286\" data-element_type=\"container\" data-e-type=\"container\">\n\t\t\t\t\t<div class=\"e-con-inner\">\n\t\t\t\t<div class=\"elementor-element elementor-element-85b6808 elementor-widget elementor-widget-spacer\" data-id=\"85b6808\" data-element_type=\"widget\" data-e-type=\"widget\" data-widget_type=\"spacer.default\">\n\t\t\t\t<div class=\"elementor-widget-container\">\n\t\t\t\t\t\t\t<div class=\"elementor-spacer\">\n\t\t\t<div class=\"elementor-spacer-inner\"><\/div>\n\t\t<\/div>\n\t\t\t\t\t\t<\/div>\n\t\t\t\t<\/div>\n\t\t\t\t\t<\/div>\n\t\t\t\t<\/div>\n\t\t\t\t<\/div>","protected":false},"excerpt":{"rendered":"<p>Wir sind offizieller Vertriebspartner von ENOTEC-Produkten in der Schweiz. Produkte:Gasanalysatoren\u00a0\u00b7\u00a0Gasentnahmesysteme Messsysteme:Extraktiv \u00b7 inSitu\u00b7 HW (Heiss &amp; Feucht) Messkomponenten:COe\u00b7 H2O\u00b7 O2 Produktehighlights OXITEC\u00ae5000 Langlebige Sauerstoffanalysatoren f\u00fcr eine exakte und schnelle Prozesskontrolle. Die OXITEC\u00ae Analysatoren sind extrem vielseitig und k\u00f6nnen auf die jeweiligen Prozesse passgenau abgestimmt werden: Sondenl\u00e4nge, Filtertyp, Interface und sogar das Sondenmaterial k\u00f6nnen individuell konfiguriert [&hellip;]<\/p>\n","protected":false},"author":3,"featured_media":0,"parent":92,"menu_order":0,"comment_status":"closed","ping_status":"closed","template":"elementor_theme","meta":{"footnotes":""},"class_list":["post-514","page","type-page","status-publish","hentry"],"_links":{"self":[{"href":"https:\/\/enumtec.ch\/fr\/wp-json\/wp\/v2\/pages\/514","targetHints":{"allow":["GET"]}}],"collection":[{"href":"https:\/\/enumtec.ch\/fr\/wp-json\/wp\/v2\/pages"}],"about":[{"href":"https:\/\/enumtec.ch\/fr\/wp-json\/wp\/v2\/types\/page"}],"author":[{"embeddable":true,"href":"https:\/\/enumtec.ch\/fr\/wp-json\/wp\/v2\/users\/3"}],"replies":[{"embeddable":true,"href":"https:\/\/enumtec.ch\/fr\/wp-json\/wp\/v2\/comments?post=514"}],"version-history":[{"count":98,"href":"https:\/\/enumtec.ch\/fr\/wp-json\/wp\/v2\/pages\/514\/revisions"}],"predecessor-version":[{"id":2223,"href":"https:\/\/enumtec.ch\/fr\/wp-json\/wp\/v2\/pages\/514\/revisions\/2223"}],"up":[{"embeddable":true,"href":"https:\/\/enumtec.ch\/fr\/wp-json\/wp\/v2\/pages\/92"}],"wp:attachment":[{"href":"https:\/\/enumtec.ch\/fr\/wp-json\/wp\/v2\/media?parent=514"}],"curies":[{"name":"wp","href":"https:\/\/api.w.org\/{rel}","templated":true}]}}