{"id":578,"date":"2023-12-21T08:19:10","date_gmt":"2023-12-21T08:19:10","guid":{"rendered":"http:\/\/enumtec.zewuzodo.cyon.site\/?page_id=578"},"modified":"2024-12-10T15:58:12","modified_gmt":"2024-12-10T13:58:12","slug":"limesoft","status":"publish","type":"page","link":"https:\/\/enumtec.ch\/fr\/produkte\/limesoft\/","title":{"rendered":"Limesoft"},"content":{"rendered":"<div data-elementor-type=\"wp-page\" data-elementor-id=\"578\" class=\"elementor elementor-578\" data-elementor-post-type=\"page\">\n\t\t\t\t<div class=\"elementor-element elementor-element-4f9263e1 e-flex e-con-boxed e-con e-parent\" data-id=\"4f9263e1\" data-element_type=\"container\" data-e-type=\"container\">\n\t\t\t\t\t<div class=\"e-con-inner\">\n\t\t\t\t<div class=\"elementor-element elementor-element-e0532af elementor-widget elementor-widget-spacer\" data-id=\"e0532af\" data-element_type=\"widget\" data-e-type=\"widget\" data-widget_type=\"spacer.default\">\n\t\t\t\t<div class=\"elementor-widget-container\">\n\t\t\t\t\t\t\t<div class=\"elementor-spacer\">\n\t\t\t<div class=\"elementor-spacer-inner\"><\/div>\n\t\t<\/div>\n\t\t\t\t\t\t<\/div>\n\t\t\t\t<\/div>\n\t\t\t\t<div class=\"elementor-element elementor-element-2ee4e325 elementor-widget elementor-widget-heading\" data-id=\"2ee4e325\" data-element_type=\"widget\" data-e-type=\"widget\" data-widget_type=\"heading.default\">\n\t\t\t\t<div class=\"elementor-widget-container\">\n\t\t\t\t\t<h2 class=\"elementor-heading-title elementor-size-default\">Limesoft<\/h2>\t\t\t\t<\/div>\n\t\t\t\t<\/div>\n\t\t\t\t<div class=\"elementor-element elementor-element-6005c88 elementor-widget elementor-widget-breadcrumbs\" data-id=\"6005c88\" data-element_type=\"widget\" data-e-type=\"widget\" data-widget_type=\"breadcrumbs.default\">\n\t\t\t\t<div class=\"elementor-widget-container\">\n\t\t\t\t\t<p id=\"breadcrumbs\"><span><span><a href=\"https:\/\/enumtec.ch\/fr\/\">Home<\/a><\/span><\/span><\/p>\t\t\t\t<\/div>\n\t\t\t\t<\/div>\n\t\t\t\t<div class=\"elementor-element elementor-element-2569df26 elementor-widget elementor-widget-spacer\" data-id=\"2569df26\" data-element_type=\"widget\" data-e-type=\"widget\" data-widget_type=\"spacer.default\">\n\t\t\t\t<div class=\"elementor-widget-container\">\n\t\t\t\t\t\t\t<div class=\"elementor-spacer\">\n\t\t\t<div class=\"elementor-spacer-inner\"><\/div>\n\t\t<\/div>\n\t\t\t\t\t\t<\/div>\n\t\t\t\t<\/div>\n\t\t\t\t\t<\/div>\n\t\t\t\t<\/div>\n\t\t<div class=\"elementor-element elementor-element-3965e140 e-flex e-con-boxed e-con e-parent\" data-id=\"3965e140\" data-element_type=\"container\" data-e-type=\"container\">\n\t\t\t\t\t<div class=\"e-con-inner\">\n\t\t<div class=\"elementor-element elementor-element-6a9ffa78 e-con-full e-flex e-con e-child\" data-id=\"6a9ffa78\" data-element_type=\"container\" data-e-type=\"container\">\n\t\t\t\t<div class=\"elementor-element elementor-element-7d7ea2fa elementor-widget elementor-widget-image\" data-id=\"7d7ea2fa\" data-element_type=\"widget\" data-e-type=\"widget\" data-widget_type=\"image.default\">\n\t\t\t\t<div class=\"elementor-widget-container\">\n\t\t\t\t\t\t\t\t\t\t\t\t\t\t\t<img decoding=\"async\" width=\"300\" height=\"150\" src=\"https:\/\/enumtec.ch\/wp-content\/uploads\/2023\/12\/logo-limesoft_orig-300x150.png\" class=\"attachment-medium size-medium wp-image-455\" alt=\"\" srcset=\"https:\/\/enumtec.ch\/wp-content\/uploads\/2023\/12\/logo-limesoft_orig-300x150.png 300w, https:\/\/enumtec.ch\/wp-content\/uploads\/2023\/12\/logo-limesoft_orig.png 420w\" sizes=\"(max-width: 300px) 100vw, 300px\" \/>\t\t\t\t\t\t\t\t\t\t\t\t\t\t\t<\/div>\n\t\t\t\t<\/div>\n\t\t\t\t<div class=\"elementor-element elementor-element-df50694 elementor-widget elementor-widget-text-editor\" data-id=\"df50694\" data-element_type=\"widget\" data-e-type=\"widget\" data-widget_type=\"text-editor.default\">\n\t\t\t\t<div class=\"elementor-widget-container\">\n\t\t\t\t\t\t\t\t\t<p>Nous sommes le distributeur officiel des programmes LiMeDAS en Suisse.<\/p>\t\t\t\t\t\t\t\t<\/div>\n\t\t\t\t<\/div>\n\t\t\t\t<\/div>\n\t\t<div class=\"elementor-element elementor-element-3e183381 e-con-full e-flex e-con e-child\" data-id=\"3e183381\" data-element_type=\"container\" data-e-type=\"container\">\n\t\t\t\t<div class=\"elementor-element elementor-element-42d2b289 elementor-widget elementor-widget-text-editor\" data-id=\"42d2b289\" data-element_type=\"widget\" data-e-type=\"widget\" data-widget_type=\"text-editor.default\">\n\t\t\t\t<div class=\"elementor-widget-container\">\n\t\t\t\t\t\t\t\t\t<p><strong>Produits:<\/strong><br \/>Saisie de donn\u00e9es - Calculateur de valeurs de mesure<\/p>\t\t\t\t\t\t\t\t<\/div>\n\t\t\t\t<\/div>\n\t\t\t\t<\/div>\n\t\t\t\t\t<\/div>\n\t\t\t\t<\/div>\n\t\t<div class=\"elementor-element elementor-element-5efc0bbc e-flex e-con-boxed e-con e-parent\" data-id=\"5efc0bbc\" data-element_type=\"container\" data-e-type=\"container\">\n\t\t\t\t\t<div class=\"e-con-inner\">\n\t\t<div class=\"elementor-element elementor-element-616d111f e-con-full e-flex e-con e-child\" data-id=\"616d111f\" data-element_type=\"container\" data-e-type=\"container\">\n\t\t\t\t<div class=\"elementor-element elementor-element-799fd17 elementor-widget elementor-widget-image\" data-id=\"799fd17\" data-element_type=\"widget\" data-e-type=\"widget\" data-widget_type=\"image.default\">\n\t\t\t\t<div class=\"elementor-widget-container\">\n\t\t\t\t\t\t\t\t\t\t\t\t\t\t\t<img fetchpriority=\"high\" decoding=\"async\" width=\"360\" height=\"235\" src=\"https:\/\/enumtec.ch\/wp-content\/uploads\/2024\/07\/dcu-char_1_re.png\" class=\"attachment-large size-large wp-image-2022\" alt=\"\" srcset=\"https:\/\/enumtec.ch\/wp-content\/uploads\/2024\/07\/dcu-char_1_re.png 360w, https:\/\/enumtec.ch\/wp-content\/uploads\/2024\/07\/dcu-char_1_re-300x196.png 300w, https:\/\/enumtec.ch\/wp-content\/uploads\/2024\/07\/dcu-char_1_re-18x12.png 18w\" sizes=\"(max-width: 360px) 100vw, 360px\" \/>\t\t\t\t\t\t\t\t\t\t\t\t\t\t\t<\/div>\n\t\t\t\t<\/div>\n\t\t\t\t<div class=\"elementor-element elementor-element-ba8816b elementor-cta--layout-image-above elementor-cta--skin-classic elementor-animated-content elementor-bg-transform elementor-bg-transform-zoom-in elementor-widget elementor-widget-call-to-action\" data-id=\"ba8816b\" data-element_type=\"widget\" data-e-type=\"widget\" data-widget_type=\"call-to-action.default\">\n\t\t\t\t<div class=\"elementor-widget-container\">\n\t\t\t\t\t\t\t<a class=\"elementor-cta\" href=\"https:\/\/www.enotec.com\/de\/OXITEC-5000-O2-Analysator\" target=\"_blank\">\n\t\t\t\t\t\t\t<div class=\"elementor-cta__content\">\n\t\t\t\t\n\t\t\t\t\t\t\t\t\t<h2 class=\"elementor-cta__title elementor-cta__content-item elementor-content-item\">\n\t\t\t\t\t\tLiMeDAS DCU\t\t\t\t\t<\/h2>\n\t\t\t\t\n\t\t\t\t\t\t\t\t\t<div class=\"elementor-cta__description elementor-cta__content-item elementor-content-item\">\n\t\t\t\t\t\tSaisie flexible des donn\u00e9es pour vos donn\u00e9es de mesure avec une s\u00e9curit\u00e9 et une disponibilit\u00e9 des donn\u00e9es tr\u00e8s \u00e9lev\u00e9es.\n\n- Int\u00e9gration simple des valeurs de mesure et des donn\u00e9es du syst\u00e8me de contr\u00f4le.\n- Structure redondante possible\n- Visualisation possible sur place\n- T\u00e2ches de commande possibles\n\nPlus d'informations... (site web du fabricant)\t\t\t\t\t<\/div>\n\t\t\t\t\n\t\t\t\t\t\t\t\t\t<div class=\"elementor-cta__button-wrapper elementor-cta__content-item elementor-content-item\">\n\t\t\t\t\t<span class=\"elementor-cta__button elementor-button elementor-size-\">\n\t\t\t\t\t\tPlus d'infos\t\t\t\t\t<\/span>\n\t\t\t\t\t<\/div>\n\t\t\t\t\t\t\t<\/div>\n\t\t\t\t\t\t<\/a>\n\t\t\t\t\t\t<\/div>\n\t\t\t\t<\/div>\n\t\t\t\t<\/div>\n\t\t<div class=\"elementor-element elementor-element-5bf5d112 e-con-full e-flex e-con e-child\" data-id=\"5bf5d112\" data-element_type=\"container\" data-e-type=\"container\">\n\t\t\t\t<div class=\"elementor-element elementor-element-1124613 elementor-widget elementor-widget-image\" data-id=\"1124613\" data-element_type=\"widget\" data-e-type=\"widget\" data-widget_type=\"image.default\">\n\t\t\t\t<div class=\"elementor-widget-container\">\n\t\t\t\t\t\t\t\t\t\t\t\t\t\t\t<img decoding=\"async\" width=\"360\" height=\"235\" src=\"https:\/\/enumtec.ch\/wp-content\/uploads\/2024\/07\/limedas-mainscreen_re.png\" class=\"attachment-large size-large wp-image-2021\" alt=\"\" srcset=\"https:\/\/enumtec.ch\/wp-content\/uploads\/2024\/07\/limedas-mainscreen_re.png 360w, https:\/\/enumtec.ch\/wp-content\/uploads\/2024\/07\/limedas-mainscreen_re-300x196.png 300w, https:\/\/enumtec.ch\/wp-content\/uploads\/2024\/07\/limedas-mainscreen_re-18x12.png 18w\" sizes=\"(max-width: 360px) 100vw, 360px\" \/>\t\t\t\t\t\t\t\t\t\t\t\t\t\t\t<\/div>\n\t\t\t\t<\/div>\n\t\t\t\t<div class=\"elementor-element elementor-element-410fb7f3 elementor-cta--layout-image-above elementor-cta--skin-classic elementor-animated-content elementor-bg-transform elementor-bg-transform-zoom-in elementor-widget elementor-widget-call-to-action\" data-id=\"410fb7f3\" data-element_type=\"widget\" data-e-type=\"widget\" data-widget_type=\"call-to-action.default\">\n\t\t\t\t<div class=\"elementor-widget-container\">\n\t\t\t\t\t\t\t<a class=\"elementor-cta\" href=\"https:\/\/www.enotec.com\/de\/OXITEC-5000-O2-Analysator\" target=\"_blank\">\n\t\t\t\t\t\t\t<div class=\"elementor-cta__content\">\n\t\t\t\t\n\t\t\t\t\t\t\t\t\t<h2 class=\"elementor-cta__title elementor-cta__content-item elementor-content-item\">\n\t\t\t\t\t\tLiMeDAS Application Software\t\t\t\t\t<\/h2>\n\t\t\t\t\n\t\t\t\t\t\t\t\t\t<div class=\"elementor-cta__description elementor-cta__content-item elementor-content-item\">\n\t\t\t\t\t\tVisualisation et reporting de vos donn\u00e9es de mesure avec une interface utilisateur conviviale et flexible.\n\n- Normalisation et classification des valeurs de mesure conform\u00e9ment \u00e0 l'OPair.\n- Protocole automatique (pdf, doc, xls).\n- T\u00e2ches de contr\u00f4le possibles\n- Structure redondante possible\n- Exportation simple des donn\u00e9es\n- Transfert rapide et s\u00fbr des donn\u00e9es vers votre syst\u00e8me de gestion des processus.\n\nPlus d'informations... (site web du fabricant)\t\t\t\t\t<\/div>\n\t\t\t\t\n\t\t\t\t\t\t\t\t\t<div class=\"elementor-cta__button-wrapper elementor-cta__content-item elementor-content-item\">\n\t\t\t\t\t<span class=\"elementor-cta__button elementor-button elementor-size-\">\n\t\t\t\t\t\tPlus d'infos\t\t\t\t\t<\/span>\n\t\t\t\t\t<\/div>\n\t\t\t\t\t\t\t<\/div>\n\t\t\t\t\t\t<\/a>\n\t\t\t\t\t\t<\/div>\n\t\t\t\t<\/div>\n\t\t\t\t<\/div>\n\t\t<div class=\"elementor-element elementor-element-20a217b3 e-con-full e-flex e-con e-child\" data-id=\"20a217b3\" data-element_type=\"container\" data-e-type=\"container\">\n\t\t\t\t<\/div>\n\t\t\t\t\t<\/div>\n\t\t\t\t<\/div>\n\t\t<div class=\"elementor-element elementor-element-3ec9c0b e-flex e-con-boxed e-con e-parent\" data-id=\"3ec9c0b\" data-element_type=\"container\" data-e-type=\"container\">\n\t\t\t\t\t<div class=\"e-con-inner\">\n\t\t\t\t<div class=\"elementor-element elementor-element-18f860b elementor-widget-divider--view-line elementor-widget elementor-widget-divider\" data-id=\"18f860b\" data-element_type=\"widget\" data-e-type=\"widget\" data-widget_type=\"divider.default\">\n\t\t\t\t<div class=\"elementor-widget-container\">\n\t\t\t\t\t\t\t<div class=\"elementor-divider\">\n\t\t\t<span class=\"elementor-divider-separator\">\n\t\t\t\t\t\t<\/span>\n\t\t<\/div>\n\t\t\t\t\t\t<\/div>\n\t\t\t\t<\/div>\n\t\t\t\t\t<\/div>\n\t\t\t\t<\/div>\n\t\t<div class=\"elementor-element elementor-element-c6af8a0 e-flex e-con-boxed e-con e-parent\" data-id=\"c6af8a0\" data-element_type=\"container\" data-e-type=\"container\">\n\t\t\t\t\t<div class=\"e-con-inner\">\n\t\t\t\t<div class=\"elementor-element elementor-element-53b402b elementor-widget elementor-widget-heading\" data-id=\"53b402b\" data-element_type=\"widget\" data-e-type=\"widget\" data-widget_type=\"heading.default\">\n\t\t\t\t<div class=\"elementor-widget-container\">\n\t\t\t\t\t<h3 class=\"elementor-heading-title elementor-size-default\">Hardware &amp; Datensicherung<\/h3>\t\t\t\t<\/div>\n\t\t\t\t<\/div>\n\t\t\t\t\t<\/div>\n\t\t\t\t<\/div>\n\t\t<div class=\"elementor-element elementor-element-a6c63cf e-flex e-con-boxed e-con e-parent\" data-id=\"a6c63cf\" data-element_type=\"container\" data-e-type=\"container\">\n\t\t\t\t\t<div class=\"e-con-inner\">\n\t\t<div class=\"elementor-element elementor-element-149d788 e-con-full e-flex e-con e-child\" data-id=\"149d788\" data-element_type=\"container\" data-e-type=\"container\">\n\t\t\t\t<div class=\"elementor-element elementor-element-c93e79a elementor-widget elementor-widget-image\" data-id=\"c93e79a\" data-element_type=\"widget\" data-e-type=\"widget\" data-widget_type=\"image.default\">\n\t\t\t\t<div class=\"elementor-widget-container\">\n\t\t\t\t\t\t\t\t\t\t\t\t\t\t\t<img loading=\"lazy\" decoding=\"async\" width=\"800\" height=\"158\" src=\"https:\/\/enumtec.ch\/wp-content\/uploads\/2023\/12\/erhart_orig.png\" class=\"attachment-large size-large wp-image-635\" alt=\"\" srcset=\"https:\/\/enumtec.ch\/wp-content\/uploads\/2023\/12\/erhart_orig.png 1023w, https:\/\/enumtec.ch\/wp-content\/uploads\/2023\/12\/erhart_orig-300x59.png 300w, https:\/\/enumtec.ch\/wp-content\/uploads\/2023\/12\/erhart_orig-768x152.png 768w\" sizes=\"(max-width: 800px) 100vw, 800px\" \/>\t\t\t\t\t\t\t\t\t\t\t\t\t\t\t<\/div>\n\t\t\t\t<\/div>\n\t\t\t\t<div class=\"elementor-element elementor-element-2ce0543 elementor-widget elementor-widget-text-editor\" data-id=\"2ce0543\" data-element_type=\"widget\" data-e-type=\"widget\" data-widget_type=\"text-editor.default\">\n\t\t\t\t<div class=\"elementor-widget-container\">\n\t\t\t\t\t\t\t\t\t<p>Bien entendu, si vous le souhaitez, nous pouvons \u00e9galement vous fournir le mat\u00e9riel informatique adapt\u00e9 au logiciel. Pour les ordinateurs, nous misons sur la qualit\u00e9 des produits de la maison Wortmann Terra.<br \/>\u00a0<br \/><span style=\"color: #4caac9;\"><strong>\u00b7<\/strong><\/span>\u00a05 ans de garantie avec service sur site<br \/><span style=\"color: #4caac9;\"><strong>\u00b7<\/strong><\/span>\u00a0IT made in Germany<br \/><span style=\"color: #4caac9;\"><strong>\u00b7<\/strong><\/span>\u00a0Sauvegarde des donn\u00e9es dans le Terra-Cloud<br \/><span style=\"color: #4caac9;\"><strong>\u00b7<\/strong><\/span>\u00a0Collaboration \u00e9troite avec le partenaire de service premium de Terra en Suisse<br \/><br \/><span style=\"font-size: large;\"><a href=\"https:\/\/www.erhart.ch\/\" target=\"_blank\" rel=\"noopener\"><span style=\"color: #4caac9; font-size: medium;\">Plus d'infos... (site web du fournisseur)<\/span><\/a><br \/><a href=\"https:\/\/www.wortmann.de\/\" target=\"_blank\" rel=\"noopener\"><span style=\"color: #4caac9; font-size: medium;\">Plus d'infos... (site web du fabricant)<\/span><\/a><\/span><\/p>\t\t\t\t\t\t\t\t<\/div>\n\t\t\t\t<\/div>\n\t\t\t\t<\/div>\n\t\t<div class=\"elementor-element elementor-element-eac548b e-con-full e-flex e-con e-child\" data-id=\"eac548b\" data-element_type=\"container\" data-e-type=\"container\">\n\t\t\t\t<\/div>\n\t\t\t\t\t<\/div>\n\t\t\t\t<\/div>\n\t\t<div class=\"elementor-element elementor-element-62cec53 e-flex e-con-boxed e-con e-parent\" data-id=\"62cec53\" data-element_type=\"container\" data-e-type=\"container\">\n\t\t\t\t\t<div class=\"e-con-inner\">\n\t\t\t\t<div class=\"elementor-element elementor-element-b3c5912 elementor-widget elementor-widget-spacer\" data-id=\"b3c5912\" data-element_type=\"widget\" data-e-type=\"widget\" data-widget_type=\"spacer.default\">\n\t\t\t\t<div class=\"elementor-widget-container\">\n\t\t\t\t\t\t\t<div class=\"elementor-spacer\">\n\t\t\t<div class=\"elementor-spacer-inner\"><\/div>\n\t\t<\/div>\n\t\t\t\t\t\t<\/div>\n\t\t\t\t<\/div>\n\t\t\t\t\t<\/div>\n\t\t\t\t<\/div>\n\t\t\t\t<\/div>","protected":false},"excerpt":{"rendered":"<p>Wir sind offizieller Vertriebspartner der LiMeDAS-Programme in der Schweiz. Produkte:Datenerfassung\u00a0\u00b7 Messwertrechner LiMeDAS DCU Flexible Datenerfassung f\u00fcr Ihre Messdaten mit einer sehr hohen Datensicherheit und Verf\u00fcgbarkeit. \u00b7 Einfache Integration von Messwerten und Leitsystemdaten \u00b7 Redundanter Aufbau m\u00f6glich \u00b7 Visualisierung vor Ort m\u00f6glich \u00b7 Steuerungsaufgaben m\u00f6glich Mehr Infos&#8230; (Webseite des Herstellers) Mehr Infos LiMeDAS Application Software Visualisierung [&hellip;]<\/p>\n","protected":false},"author":3,"featured_media":0,"parent":92,"menu_order":0,"comment_status":"closed","ping_status":"closed","template":"","meta":{"footnotes":""},"class_list":["post-578","page","type-page","status-publish","hentry"],"_links":{"self":[{"href":"https:\/\/enumtec.ch\/fr\/wp-json\/wp\/v2\/pages\/578","targetHints":{"allow":["GET"]}}],"collection":[{"href":"https:\/\/enumtec.ch\/fr\/wp-json\/wp\/v2\/pages"}],"about":[{"href":"https:\/\/enumtec.ch\/fr\/wp-json\/wp\/v2\/types\/page"}],"author":[{"embeddable":true,"href":"https:\/\/enumtec.ch\/fr\/wp-json\/wp\/v2\/users\/3"}],"replies":[{"embeddable":true,"href":"https:\/\/enumtec.ch\/fr\/wp-json\/wp\/v2\/comments?post=578"}],"version-history":[{"count":65,"href":"https:\/\/enumtec.ch\/fr\/wp-json\/wp\/v2\/pages\/578\/revisions"}],"predecessor-version":[{"id":2226,"href":"https:\/\/enumtec.ch\/fr\/wp-json\/wp\/v2\/pages\/578\/revisions\/2226"}],"up":[{"embeddable":true,"href":"https:\/\/enumtec.ch\/fr\/wp-json\/wp\/v2\/pages\/92"}],"wp:attachment":[{"href":"https:\/\/enumtec.ch\/fr\/wp-json\/wp\/v2\/media?parent=578"}],"curies":[{"name":"wp","href":"https:\/\/api.w.org\/{rel}","templated":true}]}}