{"id":92,"date":"2023-12-06T12:21:10","date_gmt":"2023-12-06T12:21:10","guid":{"rendered":"http:\/\/enumtec.zewuzodo.cyon.site\/?page_id=92"},"modified":"2024-12-10T15:56:55","modified_gmt":"2024-12-10T13:56:55","slug":"produkte","status":"publish","type":"page","link":"https:\/\/enumtec.ch\/fr\/produkte\/","title":{"rendered":"Produits"},"content":{"rendered":"<div data-elementor-type=\"wp-page\" data-elementor-id=\"92\" class=\"elementor elementor-92\" data-elementor-post-type=\"page\">\n\t\t\t\t<div class=\"elementor-element elementor-element-777442c e-flex e-con-boxed e-con e-parent\" data-id=\"777442c\" data-element_type=\"container\" data-e-type=\"container\">\n\t\t\t\t\t<div class=\"e-con-inner\">\n\t\t\t\t<div class=\"elementor-element elementor-element-369ae81 elementor-widget elementor-widget-spacer\" data-id=\"369ae81\" data-element_type=\"widget\" data-e-type=\"widget\" data-widget_type=\"spacer.default\">\n\t\t\t\t<div class=\"elementor-widget-container\">\n\t\t\t\t\t\t\t<div class=\"elementor-spacer\">\n\t\t\t<div class=\"elementor-spacer-inner\"><\/div>\n\t\t<\/div>\n\t\t\t\t\t\t<\/div>\n\t\t\t\t<\/div>\n\t\t\t\t\t<\/div>\n\t\t\t\t<\/div>\n\t\t<div class=\"elementor-element elementor-element-a225fd2 e-flex e-con-boxed e-con e-parent\" data-id=\"a225fd2\" data-element_type=\"container\" data-e-type=\"container\">\n\t\t\t\t\t<div class=\"e-con-inner\">\n\t\t\t\t<div class=\"elementor-element elementor-element-eaa2111 elementor-widget elementor-widget-heading\" data-id=\"eaa2111\" data-element_type=\"widget\" data-e-type=\"widget\" data-widget_type=\"heading.default\">\n\t\t\t\t<div class=\"elementor-widget-container\">\n\t\t\t\t\t<h2 class=\"elementor-heading-title elementor-size-default\">Nos produits<\/h2>\t\t\t\t<\/div>\n\t\t\t\t<\/div>\n\t\t\t\t<div class=\"elementor-element elementor-element-5a6267b elementor-align-left elementor-widget elementor-widget-breadcrumbs\" data-id=\"5a6267b\" data-element_type=\"widget\" data-e-type=\"widget\" data-widget_type=\"breadcrumbs.default\">\n\t\t\t\t<div class=\"elementor-widget-container\">\n\t\t\t\t\t<p id=\"breadcrumbs\"><span><span><a href=\"https:\/\/enumtec.ch\/fr\/\">Home<\/a><\/span><\/span><\/p>\t\t\t\t<\/div>\n\t\t\t\t<\/div>\n\t\t\t\t\t<\/div>\n\t\t\t\t<\/div>\n\t\t<div class=\"elementor-element elementor-element-136f608 e-flex e-con-boxed e-con e-parent\" data-id=\"136f608\" data-element_type=\"container\" data-e-type=\"container\">\n\t\t\t\t\t<div class=\"e-con-inner\">\n\t\t\t\t<div class=\"elementor-element elementor-element-2a87f59 elementor-widget elementor-widget-spacer\" data-id=\"2a87f59\" data-element_type=\"widget\" data-e-type=\"widget\" data-widget_type=\"spacer.default\">\n\t\t\t\t<div class=\"elementor-widget-container\">\n\t\t\t\t\t\t\t<div class=\"elementor-spacer\">\n\t\t\t<div class=\"elementor-spacer-inner\"><\/div>\n\t\t<\/div>\n\t\t\t\t\t\t<\/div>\n\t\t\t\t<\/div>\n\t\t\t\t\t<\/div>\n\t\t\t\t<\/div>\n\t\t<div class=\"elementor-element elementor-element-7d3bf7a e-flex e-con-boxed e-con e-parent\" data-id=\"7d3bf7a\" data-element_type=\"container\" data-e-type=\"container\">\n\t\t\t\t\t<div class=\"e-con-inner\">\n\t\t<div class=\"elementor-element elementor-element-623d664 e-con-full e-flex e-con e-child\" data-id=\"623d664\" data-element_type=\"container\" data-e-type=\"container\">\n\t\t\t\t<div class=\"elementor-element elementor-element-95db722 elementor-widget elementor-widget-heading\" data-id=\"95db722\" data-element_type=\"widget\" data-e-type=\"widget\" data-widget_type=\"heading.default\">\n\t\t\t\t<div class=\"elementor-widget-container\">\n\t\t\t\t\t<h5 class=\"elementor-heading-title elementor-size-default\">Analyseurs de gaz<\/h5>\t\t\t\t<\/div>\n\t\t\t\t<\/div>\n\t\t\t\t<div class=\"elementor-element elementor-element-f063198 elementor-widget elementor-widget-text-editor\" data-id=\"f063198\" data-element_type=\"widget\" data-e-type=\"widget\" data-widget_type=\"text-editor.default\">\n\t\t\t\t<div class=\"elementor-widget-container\">\n\t\t\t\t\t\t\t\t\t<p>Qu'il s'agisse d'une technique in situ ou extractive, \u00e0 froid ou \u00e0 chaud, nous disposons d'un grand choix d'analyseurs r\u00e9pondant \u00e9galement \u00e0 vos exigences.<\/p>\t\t\t\t\t\t\t\t<\/div>\n\t\t\t\t<\/div>\n\t\t\t\t<\/div>\n\t\t<div class=\"elementor-element elementor-element-f0fe0bd e-con-full e-flex e-con e-child\" data-id=\"f0fe0bd\" data-element_type=\"container\" data-e-type=\"container\">\n\t\t\t\t<div class=\"elementor-element elementor-element-08c3e18 elementor-widget elementor-widget-heading\" data-id=\"08c3e18\" data-element_type=\"widget\" data-e-type=\"widget\" data-widget_type=\"heading.default\">\n\t\t\t\t<div class=\"elementor-widget-container\">\n\t\t\t\t\t<h5 class=\"elementor-heading-title elementor-size-default\">Calculateur d'\u00e9missions<\/h5>\t\t\t\t<\/div>\n\t\t\t\t<\/div>\n\t\t\t\t<div class=\"elementor-element elementor-element-0b97264 elementor-widget elementor-widget-text-editor\" data-id=\"0b97264\" data-element_type=\"widget\" data-e-type=\"widget\" data-widget_type=\"text-editor.default\">\n\t\t\t\t<div class=\"elementor-widget-container\">\n\t\t\t\t\t\t\t\t\t<p>Consignation des valeurs d'\u00e9mission conform\u00e9ment \u00e0 l'ordonnance sur la protection de l'air (OPair) pour les autorit\u00e9s.<\/p>\t\t\t\t\t\t\t\t<\/div>\n\t\t\t\t<\/div>\n\t\t\t\t<\/div>\n\t\t<div class=\"elementor-element elementor-element-ddb0909 e-con-full e-flex e-con e-child\" data-id=\"ddb0909\" data-element_type=\"container\" data-e-type=\"container\">\n\t\t\t\t<div class=\"elementor-element elementor-element-0c70452 elementor-widget elementor-widget-heading\" data-id=\"0c70452\" data-element_type=\"widget\" data-e-type=\"widget\" data-widget_type=\"heading.default\">\n\t\t\t\t<div class=\"elementor-widget-container\">\n\t\t\t\t\t<h5 class=\"elementor-heading-title elementor-size-default\">Syst\u00e8mes<\/h5>\t\t\t\t<\/div>\n\t\t\t\t<\/div>\n\t\t\t\t<div class=\"elementor-element elementor-element-aacdfc9 elementor-widget elementor-widget-text-editor\" data-id=\"aacdfc9\" data-element_type=\"widget\" data-e-type=\"widget\" data-widget_type=\"text-editor.default\">\n\t\t\t\t<div class=\"elementor-widget-container\">\n\t\t\t\t\t\t\t\t\t<p>Livraison de syst\u00e8mes de mesure complets et d'armoires selon vos exigences.<\/p>\t\t\t\t\t\t\t\t<\/div>\n\t\t\t\t<\/div>\n\t\t\t\t<\/div>\n\t\t<div class=\"elementor-element elementor-element-13834a7 e-con-full e-flex e-con e-child\" data-id=\"13834a7\" data-element_type=\"container\" data-e-type=\"container\">\n\t\t\t\t<div class=\"elementor-element elementor-element-b8757f1 elementor-widget elementor-widget-heading\" data-id=\"b8757f1\" data-element_type=\"widget\" data-e-type=\"widget\" data-widget_type=\"heading.default\">\n\t\t\t\t<div class=\"elementor-widget-container\">\n\t\t\t\t\t<h5 class=\"elementor-heading-title elementor-size-default\">Poussi\u00e8re<\/h5>\t\t\t\t<\/div>\n\t\t\t\t<\/div>\n\t\t\t\t<div class=\"elementor-element elementor-element-92a7fee elementor-widget elementor-widget-text-editor\" data-id=\"92a7fee\" data-element_type=\"widget\" data-e-type=\"widget\" data-widget_type=\"text-editor.default\">\n\t\t\t\t<div class=\"elementor-widget-container\">\n\t\t\t\t\t\t\t\t\t<p>Appareils pour la d\u00e9termination quantitative ou qualitative de la teneur en poussi\u00e8res dans les gaz humides et secs.<\/p>\t\t\t\t\t\t\t\t<\/div>\n\t\t\t\t<\/div>\n\t\t\t\t<\/div>\n\t\t<div class=\"elementor-element elementor-element-a7af18d e-con-full e-flex e-con e-child\" data-id=\"a7af18d\" data-element_type=\"container\" data-e-type=\"container\">\n\t\t\t\t<div class=\"elementor-element elementor-element-ea4dd7d elementor-widget elementor-widget-heading\" data-id=\"ea4dd7d\" data-element_type=\"widget\" data-e-type=\"widget\" data-widget_type=\"heading.default\">\n\t\t\t\t<div class=\"elementor-widget-container\">\n\t\t\t\t\t<h5 class=\"elementor-heading-title elementor-size-default\">D\u00e9bit volum\u00e9trique<\/h5>\t\t\t\t<\/div>\n\t\t\t\t<\/div>\n\t\t\t\t<div class=\"elementor-element elementor-element-730ace5 elementor-widget elementor-widget-text-editor\" data-id=\"730ace5\" data-element_type=\"widget\" data-e-type=\"widget\" data-widget_type=\"text-editor.default\">\n\t\t\t\t<div class=\"elementor-widget-container\">\n\t\t\t\t\t\t\t\t\t<p>Sondes de pression dynamique et mesures ultrasonores de la section transversale pour d\u00e9terminer le d\u00e9bit volum\u00e9trique dans les conduites de gaz de mesure.<\/p>\t\t\t\t\t\t\t\t<\/div>\n\t\t\t\t<\/div>\n\t\t\t\t<\/div>\n\t\t<div class=\"elementor-element elementor-element-18fe2d5 e-con-full e-flex e-con e-child\" data-id=\"18fe2d5\" data-element_type=\"container\" data-e-type=\"container\">\n\t\t\t\t<div class=\"elementor-element elementor-element-1ecb17c elementor-widget elementor-widget-heading\" data-id=\"1ecb17c\" data-element_type=\"widget\" data-e-type=\"widget\" data-widget_type=\"heading.default\">\n\t\t\t\t<div class=\"elementor-widget-container\">\n\t\t\t\t\t<h5 class=\"elementor-heading-title elementor-size-default\">MSR<\/h5>\t\t\t\t<\/div>\n\t\t\t\t<\/div>\n\t\t\t\t<div class=\"elementor-element elementor-element-f38ceaf elementor-widget elementor-widget-text-editor\" data-id=\"f38ceaf\" data-element_type=\"widget\" data-e-type=\"widget\" data-widget_type=\"text-editor.default\">\n\t\t\t\t<div class=\"elementor-widget-container\">\n\t\t\t\t\t\t\t\t\t<p>Large choix de capteurs pour la technique de mesure, de commande et de r\u00e9gulation de votre installation.<\/p>\t\t\t\t\t\t\t\t<\/div>\n\t\t\t\t<\/div>\n\t\t\t\t<\/div>\n\t\t\t\t\t<\/div>\n\t\t\t\t<\/div>\n\t\t<div class=\"elementor-element elementor-element-5bb00f9 e-flex e-con-boxed e-con e-parent\" data-id=\"5bb00f9\" data-element_type=\"container\" data-e-type=\"container\">\n\t\t\t\t\t<div class=\"e-con-inner\">\n\t\t\t\t<div class=\"elementor-element elementor-element-6b96c72 elementor-widget elementor-widget-spacer\" data-id=\"6b96c72\" data-element_type=\"widget\" data-e-type=\"widget\" data-widget_type=\"spacer.default\">\n\t\t\t\t<div class=\"elementor-widget-container\">\n\t\t\t\t\t\t\t<div class=\"elementor-spacer\">\n\t\t\t<div class=\"elementor-spacer-inner\"><\/div>\n\t\t<\/div>\n\t\t\t\t\t\t<\/div>\n\t\t\t\t<\/div>\n\t\t\t\t\t<\/div>\n\t\t\t\t<\/div>\n\t\t<div class=\"elementor-element elementor-element-55afd94 e-flex e-con-boxed e-con e-parent\" data-id=\"55afd94\" data-element_type=\"container\" data-e-type=\"container\">\n\t\t\t\t\t<div class=\"e-con-inner\">\n\t\t\t\t<div class=\"elementor-element elementor-element-d01ff58 elementor-widget elementor-widget-heading\" data-id=\"d01ff58\" data-element_type=\"widget\" data-e-type=\"widget\" data-widget_type=\"heading.default\">\n\t\t\t\t<div class=\"elementor-widget-container\">\n\t\t\t\t\t<h3 class=\"elementor-heading-title elementor-size-default\">Nos partenaires<\/h3>\t\t\t\t<\/div>\n\t\t\t\t<\/div>\n\t\t\t\t<div class=\"elementor-element elementor-element-1d6e9c68 elementor-widget elementor-widget-spacer\" data-id=\"1d6e9c68\" data-element_type=\"widget\" data-e-type=\"widget\" data-widget_type=\"spacer.default\">\n\t\t\t\t<div class=\"elementor-widget-container\">\n\t\t\t\t\t\t\t<div class=\"elementor-spacer\">\n\t\t\t<div class=\"elementor-spacer-inner\"><\/div>\n\t\t<\/div>\n\t\t\t\t\t\t<\/div>\n\t\t\t\t<\/div>\n\t\t\t\t<div class=\"elementor-element elementor-element-ffa3a7b gallery-spacing-custom elementor-widget elementor-widget-image-gallery\" data-id=\"ffa3a7b\" data-element_type=\"widget\" data-e-type=\"widget\" data-widget_type=\"image-gallery.default\">\n\t\t\t\t<div class=\"elementor-widget-container\">\n\t\t\t\t\t\t\t<div class=\"elementor-image-gallery\">\n\t\t\t<div id='gallery-1' class='gallery galleryid-92 gallery-columns-3 gallery-size-full'><figure class='gallery-item'>\n\t\t\t<div class='gallery-icon landscape'>\n\t\t\t\t<img decoding=\"async\" width=\"360\" height=\"120\" src=\"https:\/\/enumtec.ch\/wp-content\/uploads\/2024\/07\/logo-foedisch_orig_re2.png\" class=\"attachment-full size-full\" alt=\"\" aria-describedby=\"gallery-1-2017\" srcset=\"https:\/\/enumtec.ch\/wp-content\/uploads\/2024\/07\/logo-foedisch_orig_re2.png 360w, https:\/\/enumtec.ch\/wp-content\/uploads\/2024\/07\/logo-foedisch_orig_re2-300x100.png 300w, https:\/\/enumtec.ch\/wp-content\/uploads\/2024\/07\/logo-foedisch_orig_re2-18x6.png 18w\" sizes=\"(max-width: 360px) 100vw, 360px\" \/>\n\t\t\t<\/div>\n\t\t\t\t<figcaption class='wp-caption-text gallery-caption' id='gallery-1-2017'>\n\t\t\t\tAls f\u00fchrendes Unternehmen im Bereich der Rauchgas- und Sauerstoffanalyse, produziert ENOTEC  Gasanalysesysteme zur Prozesskontrolle und Emissions\u00fcberwachung. Mit den langlebige Analysatoren l\u00e4sst sich der Energieverbrauch minimieren, Emissionen reduzieren und die Prozessf\u00fchrung optimieren.\nENOTEC verf\u00fcgt \u00fcber das Know-How und die richtigen Produkte, wenn es um die Sauerstoffanalyse in kleinen bis mittleren Feuerungsanlagen, die O2-und COe-Bestimmung in grossen Brennkammern oder die kontinuierliche Messung im Hochtemperaturbereichen von Ofeneinlaufkammern in Zementwerken geht.\n\t\t\t\t<\/figcaption><\/figure><figure class='gallery-item'>\n\t\t\t<div class='gallery-icon landscape'>\n\t\t\t\t<img decoding=\"async\" width=\"360\" height=\"120\" src=\"https:\/\/enumtec.ch\/wp-content\/uploads\/2024\/07\/logo-siemens_orig_re2.png\" class=\"attachment-full size-full\" alt=\"\" aria-describedby=\"gallery-1-2016\" srcset=\"https:\/\/enumtec.ch\/wp-content\/uploads\/2024\/07\/logo-siemens_orig_re2.png 360w, https:\/\/enumtec.ch\/wp-content\/uploads\/2024\/07\/logo-siemens_orig_re2-300x100.png 300w, https:\/\/enumtec.ch\/wp-content\/uploads\/2024\/07\/logo-siemens_orig_re2-18x6.png 18w\" sizes=\"(max-width: 360px) 100vw, 360px\" \/>\n\t\t\t<\/div>\n\t\t\t\t<figcaption class='wp-caption-text gallery-caption' id='gallery-1-2016'>\n\t\t\t\tOb zur Gasanalyse in der Chemie oder zur Drehofen\u00fcberwachung in Zementwerken, ob zur Rauchgas\u00fcberwachung in M\u00fcllverbrennungsanlagen oder in Kraftwerken \u2013 Siemens bietet ein komplettes Portfolio an Messger\u00e4ten f\u00fcr die extraktive kontinuierliche Prozess-Gasanalytik.\n\t\t\t\t<\/figcaption><\/figure><figure class='gallery-item'>\n\t\t\t<div class='gallery-icon landscape'>\n\t\t\t\t<img decoding=\"async\" width=\"360\" height=\"120\" src=\"https:\/\/enumtec.ch\/wp-content\/uploads\/2024\/07\/logo-sick_orig_re.png\" class=\"attachment-full size-full\" alt=\"\" aria-describedby=\"gallery-1-2011\" srcset=\"https:\/\/enumtec.ch\/wp-content\/uploads\/2024\/07\/logo-sick_orig_re.png 360w, https:\/\/enumtec.ch\/wp-content\/uploads\/2024\/07\/logo-sick_orig_re-300x100.png 300w, https:\/\/enumtec.ch\/wp-content\/uploads\/2024\/07\/logo-sick_orig_re-18x6.png 18w\" sizes=\"(max-width: 360px) 100vw, 360px\" \/>\n\t\t\t<\/div>\n\t\t\t\t<figcaption class='wp-caption-text gallery-caption' id='gallery-1-2011'>\n\t\t\t\tDie 1946 gegr\u00fcndete SICK AG ist einer der weltweit f\u00fchrenden Herstellern von Sensoren und Anlysatoren. Der Bereich Prozessautomation verf\u00fcgt \u00fcber eine breite Palette an Messger\u00e4ten zur Prozess- und Emissions\u00fcberwachung.\nS\u00e4mtliche Produkte aus dem Bereich Prozessautomation k\u00f6nnen \u00fcber uns bezogen und durch uns gewartet werden.\n\t\t\t\t<\/figcaption><\/figure><figure class='gallery-item'>\n\t\t\t<div class='gallery-icon landscape'>\n\t\t\t\t<img loading=\"lazy\" decoding=\"async\" width=\"360\" height=\"120\" src=\"https:\/\/enumtec.ch\/wp-content\/uploads\/2024\/07\/logo-foedisch_orig_re.png\" class=\"attachment-full size-full\" alt=\"\" aria-describedby=\"gallery-1-2010\" srcset=\"https:\/\/enumtec.ch\/wp-content\/uploads\/2024\/07\/logo-foedisch_orig_re.png 360w, https:\/\/enumtec.ch\/wp-content\/uploads\/2024\/07\/logo-foedisch_orig_re-300x100.png 300w, https:\/\/enumtec.ch\/wp-content\/uploads\/2024\/07\/logo-foedisch_orig_re-18x6.png 18w\" sizes=\"(max-width: 360px) 100vw, 360px\" \/>\n\t\t\t<\/div>\n\t\t\t\t<figcaption class='wp-caption-text gallery-caption' id='gallery-1-2010'>\n\t\t\t\tDie Dr. F\u00f6disch Umweltmesstechnik AG ist ein f\u00fchrender Hersteller von Emissionsmesstechnik zur \u00dcberwachung von umweltsch\u00e4dlichen Gasen, Staub und Volumenstr\u00f6men. Weltweit sind die Messger\u00e4te \u201eMade in Germany\u201c im Einsatz und das seit mehr als 25 Jahren. Zum Kundenkreis geh\u00f6ren Kraftwerke, Zementwerke, Verbrennungsanlagen f\u00fcr Abfall, Biomasse und Kl\u00e4rschlamm sowie Anlagen der chemischen und metallurgischen Industrie.\n\t\t\t\t<\/figcaption><\/figure><figure class='gallery-item'>\n\t\t\t<div class='gallery-icon landscape'>\n\t\t\t\t<img loading=\"lazy\" decoding=\"async\" width=\"360\" height=\"120\" src=\"https:\/\/enumtec.ch\/wp-content\/uploads\/2024\/07\/logo-limesoft_orig_re2.png\" class=\"attachment-full size-full\" alt=\"\" aria-describedby=\"gallery-1-2015\" srcset=\"https:\/\/enumtec.ch\/wp-content\/uploads\/2024\/07\/logo-limesoft_orig_re2.png 360w, https:\/\/enumtec.ch\/wp-content\/uploads\/2024\/07\/logo-limesoft_orig_re2-300x100.png 300w, https:\/\/enumtec.ch\/wp-content\/uploads\/2024\/07\/logo-limesoft_orig_re2-18x6.png 18w\" sizes=\"(max-width: 360px) 100vw, 360px\" \/>\n\t\t\t<\/div>\n\t\t\t\t<figcaption class='wp-caption-text gallery-caption' id='gallery-1-2015'>\n\t\t\t\tDie Firma Limesoft Inc. ist ein Softwareentwickler mit Fokus auf der Erfassung, Visualisierung, Verarbeitung und Protokollierung von Prozess- und Emissionsdaten. Die Programme der in Kanada ans\u00e4ssige Firma sind auf der ganzen Welt erfolgreich im Einsatz. Die Schweizer Edition erm\u00f6glicht die Klassierung und Protokollierung Ihrer Emissionsdaten nach den Vorgaben der Schweizer Gesetzgebung (LRV).\n\t\t\t\t<\/figcaption><\/figure>\n\t\t<\/div>\n\t\t<\/div>\n\t\t\t\t\t\t<\/div>\n\t\t\t\t<\/div>\n\t\t\t\t\t<\/div>\n\t\t\t\t<\/div>\n\t\t<div class=\"elementor-element elementor-element-672bf0b e-flex e-con-boxed e-con e-parent\" data-id=\"672bf0b\" data-element_type=\"container\" data-e-type=\"container\">\n\t\t\t\t\t<div class=\"e-con-inner\">\n\t\t\t\t<div class=\"elementor-element elementor-element-f01e7eb elementor-widget elementor-widget-spacer\" data-id=\"f01e7eb\" data-element_type=\"widget\" data-e-type=\"widget\" data-widget_type=\"spacer.default\">\n\t\t\t\t<div class=\"elementor-widget-container\">\n\t\t\t\t\t\t\t<div class=\"elementor-spacer\">\n\t\t\t<div class=\"elementor-spacer-inner\"><\/div>\n\t\t<\/div>\n\t\t\t\t\t\t<\/div>\n\t\t\t\t<\/div>\n\t\t\t\t\t<\/div>\n\t\t\t\t<\/div>\n\t\t<div class=\"elementor-element elementor-element-a151069 e-flex e-con-boxed e-con e-parent\" data-id=\"a151069\" data-element_type=\"container\" data-e-type=\"container\">\n\t\t\t\t\t<div class=\"e-con-inner\">\n\t\t\t\t<div class=\"elementor-element elementor-element-1f0df19 elementor-widget elementor-widget-heading\" data-id=\"1f0df19\" data-element_type=\"widget\" data-e-type=\"widget\" data-widget_type=\"heading.default\">\n\t\t\t\t<div class=\"elementor-widget-container\">\n\t\t\t\t\t<h4 class=\"elementor-heading-title elementor-size-default\">Nos principaux fournisseurs<\/h4>\t\t\t\t<\/div>\n\t\t\t\t<\/div>\n\t\t\t\t<div class=\"elementor-element elementor-element-d18f719 elementor-widget elementor-widget-heading\" data-id=\"d18f719\" data-element_type=\"widget\" data-e-type=\"widget\" data-widget_type=\"heading.default\">\n\t\t\t\t<div class=\"elementor-widget-container\">\n\t\t\t\t\t<h3 class=\"elementor-heading-title elementor-size-default\">Nos principaux fournisseurs<\/h3>\t\t\t\t<\/div>\n\t\t\t\t<\/div>\n\t\t\t\t<div class=\"elementor-element elementor-element-a4e20d4 elementor-widget elementor-widget-spacer\" data-id=\"a4e20d4\" data-element_type=\"widget\" data-e-type=\"widget\" data-widget_type=\"spacer.default\">\n\t\t\t\t<div class=\"elementor-widget-container\">\n\t\t\t\t\t\t\t<div class=\"elementor-spacer\">\n\t\t\t<div class=\"elementor-spacer-inner\"><\/div>\n\t\t<\/div>\n\t\t\t\t\t\t<\/div>\n\t\t\t\t<\/div>\n\t\t\t\t<div class=\"elementor-element elementor-element-3545e18 gallery-spacing-custom elementor-widget elementor-widget-image-gallery\" data-id=\"3545e18\" data-element_type=\"widget\" data-e-type=\"widget\" data-widget_type=\"image-gallery.default\">\n\t\t\t\t<div class=\"elementor-widget-container\">\n\t\t\t\t\t\t\t<div class=\"elementor-image-gallery\">\n\t\t\t<div id='gallery-2' class='gallery galleryid-92 gallery-columns-3 gallery-size-medium_large'><figure class='gallery-item'>\n\t\t\t<div class='gallery-icon landscape'>\n\t\t\t\t<img loading=\"lazy\" decoding=\"async\" width=\"420\" height=\"210\" src=\"https:\/\/enumtec.ch\/wp-content\/uploads\/2023\/12\/logo-muc_orig.png\" class=\"attachment-medium_large size-medium_large\" alt=\"\" aria-describedby=\"gallery-2-456\" srcset=\"https:\/\/enumtec.ch\/wp-content\/uploads\/2023\/12\/logo-muc_orig.png 420w, https:\/\/enumtec.ch\/wp-content\/uploads\/2023\/12\/logo-muc_orig-300x150.png 300w\" sizes=\"(max-width: 420px) 100vw, 420px\" \/>\n\t\t\t<\/div>\n\t\t\t\t<figcaption class='wp-caption-text gallery-caption' id='gallery-2-456'>\n\t\t\t\tDie Produkte und Spezialsysteme der M&#038;C TechGroup stellen seit mehr als 30 Jahren eine hohe Praxis-tauglichkeit, Verwendungsbreite und Qualit\u00e4t unter Beweis.\nDie international gepr\u00e4gte Unternehmensgruppe mit dem T\u00e4tigkeitsschwerpunkt Gasanalysentechnik hat ihren Hauptsitz in Ratingen DE, eine Niederlassung in Aach am Bodensee und Tochtergesellschaften weltweit. Der M&#038;C Systembau fertigt f\u00fcr uns komplett ausgestattete Schranksysteme und Container zur Gasanalyse.\n\t\t\t\t<\/figcaption><\/figure><figure class='gallery-item'>\n\t\t\t<div class='gallery-icon landscape'>\n\t\t\t\t<img loading=\"lazy\" decoding=\"async\" width=\"420\" height=\"210\" src=\"https:\/\/enumtec.ch\/wp-content\/uploads\/2023\/12\/logo-ski_orig.png\" class=\"attachment-medium_large size-medium_large\" alt=\"\" aria-describedby=\"gallery-2-459\" srcset=\"https:\/\/enumtec.ch\/wp-content\/uploads\/2023\/12\/logo-ski_orig.png 420w, https:\/\/enumtec.ch\/wp-content\/uploads\/2023\/12\/logo-ski_orig-300x150.png 300w\" sizes=\"(max-width: 420px) 100vw, 420px\" \/>\n\t\t\t<\/div>\n\t\t\t\t<figcaption class='wp-caption-text gallery-caption' id='gallery-2-459'>\n\t\t\t\t\u00dcberall, wo Str\u00f6me von Gasen, Satt- oder Heissdampf oder Fl\u00fcssigkeiten erfasst werden m\u00fcssen, kommen die Messger\u00e4te von S.K.I. zuverl\u00e4ssig zum Einsatz.\nAm Hauptsitz in M\u00f6nchengladbach DE erstrecken sich die T\u00e4tigkeiten des S.K.I.-Teams \u00fcber das weite Feld der wirkdruckbasierten Durchflussmessverfahren. Aufgrund der robusten Technik und des einfachen Verfahrens k\u00f6nnen die Staudrucksonden vielf\u00e4ltig auch unter schwierigen Bedingungen eingesetzt werden und bieten dabei erhebliche Vorteile gegen\u00fcber anderen Messverfahren \u2013 vom Einbau bis hin zur langfristigen Messstabilit\u00e4t.\n\t\t\t\t<\/figcaption><\/figure><figure class='gallery-item'>\n\t\t\t<div class='gallery-icon landscape'>\n\t\t\t\t<img loading=\"lazy\" decoding=\"async\" width=\"420\" height=\"210\" src=\"https:\/\/enumtec.ch\/wp-content\/uploads\/2023\/12\/logo-abb_orig.png\" class=\"attachment-medium_large size-medium_large\" alt=\"\" aria-describedby=\"gallery-2-451\" srcset=\"https:\/\/enumtec.ch\/wp-content\/uploads\/2023\/12\/logo-abb_orig.png 420w, https:\/\/enumtec.ch\/wp-content\/uploads\/2023\/12\/logo-abb_orig-300x150.png 300w\" sizes=\"(max-width: 420px) 100vw, 420px\" \/>\n\t\t\t<\/div>\n\t\t\t\t<figcaption class='wp-caption-text gallery-caption' id='gallery-2-451'>\n\t\t\t\tDer Energie- und Automatisierungstechnikkonzern verf\u00fcgt unter anderem auch \u00fcber verschiedene hochwertige Gasanalysatoren zur extraktiven Gasanalyse.\nDie Produkte der Serie Advance Optima und EasyLine k\u00f6nnen \u00fcber uns Bezogen und durch uns gewartet werden.\n\t\t\t\t<\/figcaption><\/figure>\n\t\t<\/div>\n\t\t<\/div>\n\t\t\t\t\t\t<\/div>\n\t\t\t\t<\/div>\n\t\t\t\t\t<\/div>\n\t\t\t\t<\/div>\n\t\t<div class=\"elementor-element elementor-element-9f828ea e-flex e-con-boxed e-con e-parent\" data-id=\"9f828ea\" data-element_type=\"container\" data-e-type=\"container\">\n\t\t\t\t\t<div class=\"e-con-inner\">\n\t\t\t\t<div class=\"elementor-element elementor-element-4861824 elementor-widget elementor-widget-spacer\" data-id=\"4861824\" data-element_type=\"widget\" data-e-type=\"widget\" data-widget_type=\"spacer.default\">\n\t\t\t\t<div class=\"elementor-widget-container\">\n\t\t\t\t\t\t\t<div class=\"elementor-spacer\">\n\t\t\t<div class=\"elementor-spacer-inner\"><\/div>\n\t\t<\/div>\n\t\t\t\t\t\t<\/div>\n\t\t\t\t<\/div>\n\t\t\t\t\t<\/div>\n\t\t\t\t<\/div>\n\t\t\t\t<\/div>","protected":false},"excerpt":{"rendered":"<p>Unsere Produkte Gasanalysatoren Ob in-Situ oder Extraktiv, ob Kalt- oder Heissmesstechnik &#8211; Wir haben eine grosse Auswahl an Analysatoren auch f\u00fcr Ihre Anforderungen. Emissionsrechner Protokollierung der Emissionswerte gem\u00e4ss Luftreinhalteverordnung (LRV) f\u00fcr die Beh\u00f6rden. Systeme Lieferung von kompletten Messsystemen und Schr\u00e4nken gem\u00e4ss Ihren Anforderungen. Staub Ger\u00e4te zur quantitativen oder qualitativen Staubgehaltsbestimmung in nassen und trockenen Gasen. [&hellip;]<\/p>\n","protected":false},"author":3,"featured_media":0,"parent":0,"menu_order":0,"comment_status":"closed","ping_status":"closed","template":"","meta":{"footnotes":""},"class_list":["post-92","page","type-page","status-publish","hentry"],"_links":{"self":[{"href":"https:\/\/enumtec.ch\/fr\/wp-json\/wp\/v2\/pages\/92","targetHints":{"allow":["GET"]}}],"collection":[{"href":"https:\/\/enumtec.ch\/fr\/wp-json\/wp\/v2\/pages"}],"about":[{"href":"https:\/\/enumtec.ch\/fr\/wp-json\/wp\/v2\/types\/page"}],"author":[{"embeddable":true,"href":"https:\/\/enumtec.ch\/fr\/wp-json\/wp\/v2\/users\/3"}],"replies":[{"embeddable":true,"href":"https:\/\/enumtec.ch\/fr\/wp-json\/wp\/v2\/comments?post=92"}],"version-history":[{"count":131,"href":"https:\/\/enumtec.ch\/fr\/wp-json\/wp\/v2\/pages\/92\/revisions"}],"predecessor-version":[{"id":2220,"href":"https:\/\/enumtec.ch\/fr\/wp-json\/wp\/v2\/pages\/92\/revisions\/2220"}],"wp:attachment":[{"href":"https:\/\/enumtec.ch\/fr\/wp-json\/wp\/v2\/media?parent=92"}],"curies":[{"name":"wp","href":"https:\/\/api.w.org\/{rel}","templated":true}]}}